{"id":691,"date":"2022-01-30T14:15:22","date_gmt":"2022-01-30T11:15:22","guid":{"rendered":"https:\/\/www.sidident.com\/?page_id=691"},"modified":"2022-01-30T21:53:45","modified_gmt":"2022-01-30T18:53:45","slug":"hizmetlerimiz","status":"publish","type":"page","link":"https:\/\/www.sidident.com\/tr\/hizmetlerimiz\/","title":{"rendered":"Hizmetlerimiz"},"content":{"rendered":"[vc_row][vc_column width=&#8221;1\/3&#8243;]<div class=\"vcex-module vcex-feature-box clr sidident-box left-image-right-content\" style=\"border:1;\"><div class=\"vcex-feature-box-media clr\" style=\"width:15%;\"><a href=\"https:\/\/www.sidident.com\/dental-implantlar\/\" title=\"\" class=\"vcex-feature-box-image-link vcex-feature-box-image\"><img width=\"512\" height=\"512\" src=\"https:\/\/www.sidident.com\/wp-content\/uploads\/2022\/01\/implantlar.png\" class=\"attachment-full size-full\" alt=\"\" decoding=\"async\" loading=\"lazy\" srcset=\"https:\/\/www.sidident.com\/wp-content\/uploads\/2022\/01\/implantlar.png 512w, https:\/\/www.sidident.com\/wp-content\/uploads\/2022\/01\/implantlar-150x150.png 150w, https:\/\/www.sidident.com\/wp-content\/uploads\/2022\/01\/implantlar-300x300.png 300w\" sizes=\"(max-width: 512px) 100vw, 512px\" \/><\/a><\/div><div class=\"vcex-feature-box-content clr\" style=\"width:85%;\"><a href=\"https:\/\/www.sidident.com\/dental-implantlar\/\" title=\"\"class=\"vcex-feature-box-heading-link\"><div class=\"vcex-feature-box-heading\" style=\"color:#00b7ed;font-weight:600;\">\u0130mplantlar<\/div><\/a><div class=\"vcex-feature-box-text clr\"><p>\u0130mplant, \u00e7ene kemi\u011fine yerle\u015ftirilen, bir veya daha fazla takma di\u015fi desteklemek i\u00e7in kullan\u0131lan, genellikle titanyumdan imal edilen k\u00f6k \u015feklinde vidalard\u0131r.<\/p>\n<\/div><\/div><\/div>[\/vc_column][vc_column width=&#8221;1\/3&#8243;]<div class=\"vcex-module vcex-feature-box clr sidident-box left-image-right-content\" style=\"border:1;\"><div class=\"vcex-feature-box-media clr\" style=\"width:15%;\"><a href=\"https:\/\/www.sidident.com\/beyazlatma-bleaching\/\" title=\"\" class=\"vcex-feature-box-image-link vcex-feature-box-image\"><img width=\"512\" height=\"512\" src=\"https:\/\/www.sidident.com\/wp-content\/uploads\/2022\/01\/beyazlatma-m.png\" class=\"attachment-full size-full\" alt=\"\" decoding=\"async\" loading=\"lazy\" srcset=\"https:\/\/www.sidident.com\/wp-content\/uploads\/2022\/01\/beyazlatma-m.png 512w, https:\/\/www.sidident.com\/wp-content\/uploads\/2022\/01\/beyazlatma-m-150x150.png 150w, https:\/\/www.sidident.com\/wp-content\/uploads\/2022\/01\/beyazlatma-m-300x300.png 300w\" sizes=\"(max-width: 512px) 100vw, 512px\" \/><\/a><\/div><div class=\"vcex-feature-box-content clr\" style=\"width:85%;\"><a href=\"https:\/\/www.sidident.com\/beyazlatma-bleaching\/\" title=\"\"class=\"vcex-feature-box-heading-link\"><div class=\"vcex-feature-box-heading\" style=\"color:#00b7ed;font-weight:600;\">Di\u015f Beyazlatma<\/div><\/a><div class=\"vcex-feature-box-text clr\"><p>\u00c7e\u015fitli nedenlerle sararan, kararan ve parlakl\u0131\u011f\u0131n\u0131 yitiren di\u015fleri beyaz, parlak ve estetik bir g\u00f6r\u00fcn\u00fcme kavu\u015fturmak i\u00e7in yap\u0131lan profesyonel di\u015f tedavileridir.<\/p>\n<\/div><\/div><\/div>[\/vc_column][vc_column width=&#8221;1\/3&#8243;]<div class=\"vcex-module vcex-feature-box clr sidident-box left-image-right-content\" style=\"border:1;\"><div class=\"vcex-feature-box-media clr\" style=\"width:15%;\"><a href=\"https:\/\/www.sidident.com\/gulus-tasarimi-konsepti\/\" title=\"\" class=\"vcex-feature-box-image-link vcex-feature-box-image\"><img width=\"512\" height=\"512\" src=\"https:\/\/www.sidident.com\/wp-content\/uploads\/2022\/01\/gulus-m.png\" class=\"attachment-full size-full\" alt=\"\" decoding=\"async\" loading=\"lazy\" srcset=\"https:\/\/www.sidident.com\/wp-content\/uploads\/2022\/01\/gulus-m.png 512w, https:\/\/www.sidident.com\/wp-content\/uploads\/2022\/01\/gulus-m-150x150.png 150w, https:\/\/www.sidident.com\/wp-content\/uploads\/2022\/01\/gulus-m-300x300.png 300w\" sizes=\"(max-width: 512px) 100vw, 512px\" \/><\/a><\/div><div class=\"vcex-feature-box-content clr\" style=\"width:85%;\"><a href=\"https:\/\/www.sidident.com\/gulus-tasarimi-konsepti\/\" title=\"\"class=\"vcex-feature-box-heading-link\"><div class=\"vcex-feature-box-heading\" style=\"color:#00b7ed;font-weight:600;\">G\u00fcl\u00fc\u015f Tasar\u0131m\u0131<\/div><\/a><div class=\"vcex-feature-box-text clr\"><p>G\u00fcl\u00fcmsemeniz sizin hakk\u0131n\u0131zda \u00e7ok \u015fey s\u00f6yler ve kal\u0131c\u0131 bir izlenim yarat\u0131r. \u0130ster do\u011fal bir G\u00fcl\u00fc\u015f Tasar\u0131m\u0131, ister bir Hollywood G\u00fcl\u00fc\u015f tasar\u0131m\u0131 planl\u0131yor olun, m\u00fckemmel bir g\u00fcl\u00fcmseme\u00a0 art\u0131k m\u00fcmk\u00fcn&#8230;<\/p>\n<\/div><\/div><\/div>[\/vc_column][\/vc_row][vc_row][vc_column width=&#8221;1\/3&#8243;]<div class=\"vcex-module vcex-feature-box clr sidident-box left-image-right-content\" style=\"border:1;\"><div class=\"vcex-feature-box-media clr\" style=\"width:15%;\"><a href=\"https:\/\/www.sidident.com\/ful-porselen-estetik-kuronlar\/\" title=\"\" class=\"vcex-feature-box-image-link vcex-feature-box-image\"><img width=\"512\" height=\"512\" src=\"https:\/\/www.sidident.com\/wp-content\/uploads\/2022\/01\/dental-porselen.png\" class=\"attachment-full size-full\" alt=\"\" decoding=\"async\" loading=\"lazy\" srcset=\"https:\/\/www.sidident.com\/wp-content\/uploads\/2022\/01\/dental-porselen.png 512w, https:\/\/www.sidident.com\/wp-content\/uploads\/2022\/01\/dental-porselen-150x150.png 150w, https:\/\/www.sidident.com\/wp-content\/uploads\/2022\/01\/dental-porselen-300x300.png 300w\" sizes=\"(max-width: 512px) 100vw, 512px\" \/><\/a><\/div><div class=\"vcex-feature-box-content clr\" style=\"width:85%;\"><a href=\"https:\/\/www.sidident.com\/ful-porselen-estetik-kuronlar\/\" title=\"\"class=\"vcex-feature-box-heading-link\"><div class=\"vcex-feature-box-heading\" style=\"color:#00b7ed;font-weight:600;\">Porselen Kaplamalar (Kuron ve K\u00f6pr\u00fcler)<\/div><\/a><div class=\"vcex-feature-box-text clr\"><p>Madde kayb\u0131na u\u011fram\u0131\u015f di\u015f veya\u00a0 di\u015flerin \u00fczerinde estetik ve fonksyonel ama\u00e7l\u0131\u00a0 kay\u0131plar\u0131 telafi i\u00e7in yap\u0131lan restorasyonlard\u0131r.<\/p>\n<\/div><\/div><\/div>[\/vc_column][vc_column width=&#8221;1\/3&#8243;]<div class=\"vcex-module vcex-feature-box clr sidident-box left-image-right-content\" style=\"border:1;\"><div class=\"vcex-feature-box-media clr\" style=\"width:15%;\"><a href=\"https:\/\/www.sidident.com\/metal-desteksiz-zirkonyum-esasli-cercon-kopruler\/\" title=\"\" class=\"vcex-feature-box-image-link vcex-feature-box-image\"><img width=\"512\" height=\"512\" src=\"https:\/\/www.sidident.com\/wp-content\/uploads\/2022\/01\/kuron-zirkon-2.png\" class=\"attachment-full size-full\" alt=\"\" decoding=\"async\" loading=\"lazy\" srcset=\"https:\/\/www.sidident.com\/wp-content\/uploads\/2022\/01\/kuron-zirkon-2.png 512w, https:\/\/www.sidident.com\/wp-content\/uploads\/2022\/01\/kuron-zirkon-2-150x150.png 150w, https:\/\/www.sidident.com\/wp-content\/uploads\/2022\/01\/kuron-zirkon-2-300x300.png 300w\" sizes=\"(max-width: 512px) 100vw, 512px\" \/><\/a><\/div><div class=\"vcex-feature-box-content clr\" style=\"width:85%;\"><a href=\"https:\/\/www.sidident.com\/metal-desteksiz-zirkonyum-esasli-cercon-kopruler\/\" title=\"\"class=\"vcex-feature-box-heading-link\"><div class=\"vcex-feature-box-heading\" style=\"color:#00b7ed;font-weight:600;\">Zirkon Kaplamalar (Kuron ve K\u00f6pr\u00fcler)<\/div><\/a><div class=\"vcex-feature-box-text clr\"><p>Hem son derece estetiktirler hem de b\u00fcy\u00fck mekanik dayan\u0131kl\u0131l\u0131\u011fa sahiptirler. Zirkonyum Kronlar di\u015flerin do\u011fal g\u00f6r\u00fcnt\u00fcs\u00fcn\u00fc koruyarak onarmak i\u00e7in en uygun ve en \u00e7ok tercih edilen se\u00e7eneklerdendir.<\/p>\n<\/div><\/div><\/div>[\/vc_column][vc_column width=&#8221;1\/3&#8243;]<div class=\"vcex-module vcex-feature-box clr sidident-box left-image-right-content\" style=\"border:1;\"><div class=\"vcex-feature-box-media clr\" style=\"width:15%;\"><a href=\"https:\/\/www.sidident.com\/laminet-veneerler\/\" title=\"\" class=\"vcex-feature-box-image-link vcex-feature-box-image\"><img width=\"512\" height=\"512\" src=\"https:\/\/www.sidident.com\/wp-content\/uploads\/2022\/01\/veneer-m.png\" class=\"attachment-full size-full\" alt=\"\" decoding=\"async\" loading=\"lazy\" srcset=\"https:\/\/www.sidident.com\/wp-content\/uploads\/2022\/01\/veneer-m.png 512w, https:\/\/www.sidident.com\/wp-content\/uploads\/2022\/01\/veneer-m-150x150.png 150w, https:\/\/www.sidident.com\/wp-content\/uploads\/2022\/01\/veneer-m-300x300.png 300w\" sizes=\"(max-width: 512px) 100vw, 512px\" \/><\/a><\/div><div class=\"vcex-feature-box-content clr\" style=\"width:85%;\"><a href=\"https:\/\/www.sidident.com\/laminet-veneerler\/\" title=\"\"class=\"vcex-feature-box-heading-link\"><div class=\"vcex-feature-box-heading\" style=\"color:#00b7ed;font-weight:600;\">Lamine Kaplamalar (Veneerler)<\/div><\/a><div class=\"vcex-feature-box-text clr\"><p>Lamine Veneerler, di\u015f aras\u0131\u00a0 bo\u015fluklar\u0131 kapatmak veya\u00a0 di\u015flerinizin sahip oldu\u011fu renk, \u015fekil ve hizalama problemlerini gidermek i\u00e7in kullan\u0131lan porselen t\u0131rnak\u00e7\u0131klard\u0131r.<\/p>\n<\/div><\/div><\/div>[\/vc_column][\/vc_row][vc_row][vc_column width=&#8221;1\/3&#8243;]<div class=\"vcex-module vcex-feature-box clr sidident-box left-image-right-content\" style=\"border:1;\"><div class=\"vcex-feature-box-media clr\" style=\"width:15%;\"><a href=\"https:\/\/www.sidident.com\/total-parsiyel-protezler-tam-ve-bolumlu-protezler\/\" title=\"\" class=\"vcex-feature-box-image-link vcex-feature-box-image\"><img width=\"512\" height=\"512\" src=\"https:\/\/www.sidident.com\/wp-content\/uploads\/2022\/01\/protez.png\" class=\"attachment-full size-full\" alt=\"\" decoding=\"async\" loading=\"lazy\" srcset=\"https:\/\/www.sidident.com\/wp-content\/uploads\/2022\/01\/protez.png 512w, https:\/\/www.sidident.com\/wp-content\/uploads\/2022\/01\/protez-150x150.png 150w, https:\/\/www.sidident.com\/wp-content\/uploads\/2022\/01\/protez-300x300.png 300w\" sizes=\"(max-width: 512px) 100vw, 512px\" \/><\/a><\/div><div class=\"vcex-feature-box-content clr\" style=\"width:85%;\"><a href=\"https:\/\/www.sidident.com\/total-parsiyel-protezler-tam-ve-bolumlu-protezler\/\" title=\"\"class=\"vcex-feature-box-heading-link\"><div class=\"vcex-feature-box-heading\" style=\"color:#00b7ed;font-weight:600;\">Protezler (Takma Di\u015fler)<\/div><\/a><div class=\"vcex-feature-box-text clr\"><p>Protezler hem fonksiyonel hem de estetik a\u00e7\u0131dan eksik di\u015flerin yerine\u00a0 kullan\u0131lan hareketli di\u015flere denir. Tam di\u015fsizllikte ve k\u0131smi di\u015fsizlikte kullan\u0131l\u0131rlar.<\/p>\n<\/div><\/div><\/div>[\/vc_column][vc_column width=&#8221;1\/3&#8243;]<div class=\"vcex-module vcex-feature-box clr sidident-box left-image-right-content\" style=\"border:1;\"><div class=\"vcex-feature-box-media clr\" style=\"width:15%;\"><a href=\"https:\/\/www.sidident.com\/kanal-tedavisi-endodonti\/\" title=\"\" class=\"vcex-feature-box-image-link vcex-feature-box-image\"><img width=\"512\" height=\"512\" src=\"https:\/\/www.sidident.com\/wp-content\/uploads\/2022\/01\/kanal-m.png\" class=\"attachment-full size-full\" alt=\"\" decoding=\"async\" loading=\"lazy\" srcset=\"https:\/\/www.sidident.com\/wp-content\/uploads\/2022\/01\/kanal-m.png 512w, https:\/\/www.sidident.com\/wp-content\/uploads\/2022\/01\/kanal-m-150x150.png 150w, https:\/\/www.sidident.com\/wp-content\/uploads\/2022\/01\/kanal-m-300x300.png 300w\" sizes=\"(max-width: 512px) 100vw, 512px\" \/><\/a><\/div><div class=\"vcex-feature-box-content clr\" style=\"width:85%;\"><a href=\"https:\/\/www.sidident.com\/kanal-tedavisi-endodonti\/\" title=\"\"class=\"vcex-feature-box-heading-link\"><div class=\"vcex-feature-box-heading\" style=\"color:#00b7ed;font-weight:600;\">Kanal Tedavisi<\/div><\/a><div class=\"vcex-feature-box-text clr\"><p>B\u00fcy\u00fck bir \u00e7\u00fcr\u00fck etkilsi alt\u0131nda di\u015fin \u00f6z\u00fc, \u00f6ld\u00fc\u011f\u00fcnde ve\/veya enfekte oldu\u011funda Kanal Tedavisi gerekli hale gelir.<\/p>\n<\/div><\/div><\/div>[\/vc_column][vc_column width=&#8221;1\/3&#8243;]<div class=\"vcex-module vcex-feature-box clr sidident-box left-image-right-content\" style=\"border:1;\"><div class=\"vcex-feature-box-media clr\" style=\"width:15%;\"><a href=\"https:\/\/www.sidident.com\/porselen-ve-plastik-dolgular-inley-ve-onleyler\/\" title=\"\" class=\"vcex-feature-box-image-link vcex-feature-box-image\"><img width=\"512\" height=\"512\" src=\"https:\/\/www.sidident.com\/wp-content\/uploads\/2022\/01\/dolgu-m.png\" class=\"attachment-full size-full\" alt=\"\" decoding=\"async\" loading=\"lazy\" srcset=\"https:\/\/www.sidident.com\/wp-content\/uploads\/2022\/01\/dolgu-m.png 512w, https:\/\/www.sidident.com\/wp-content\/uploads\/2022\/01\/dolgu-m-150x150.png 150w, https:\/\/www.sidident.com\/wp-content\/uploads\/2022\/01\/dolgu-m-300x300.png 300w, https:\/\/www.sidident.com\/wp-content\/uploads\/2022\/01\/dolgu-m-50x50.png 50w, https:\/\/www.sidident.com\/wp-content\/uploads\/2022\/01\/dolgu-m-60x60.png 60w\" sizes=\"(max-width: 512px) 100vw, 512px\" \/><\/a><\/div><div class=\"vcex-feature-box-content clr\" style=\"width:85%;\"><a href=\"https:\/\/www.sidident.com\/porselen-ve-plastik-dolgular-inley-ve-onleyler\/\" title=\"\"class=\"vcex-feature-box-heading-link\"><div class=\"vcex-feature-box-heading\" style=\"color:#00b7ed;font-weight:600;\">Dolgu (inlay\/onlay Porselen Dolgular)<\/div><\/a><div class=\"vcex-feature-box-text clr\"><p>Di\u015flerle ayn\u0131 sertli\u011fe sahip olan bu porselen dolgular, \u0131s\u0131rma kuvvetinin neden oldu\u011fu k\u0131r\u0131klar\u0131 \u00f6nler ve di\u015fin eskisi kadar sa\u011fl\u0131kl\u0131 olmas\u0131n\u0131 sa\u011flar. Di\u015flerle ayn\u0131 renk oldu\u011fu i\u00e7in dolgu o kadar do\u011fald\u0131r ki \u00e7\u0131plak g\u00f6zle ay\u0131rt edilemezler.<\/p>\n<\/div><\/div><\/div>[\/vc_column][\/vc_row][vc_row][vc_column][vc_column_text]\n<h2>Randevu ve \u0130leti\u015fim<\/h2>\n[\/vc_column_text]<div class=\"vcex-spacing\" style=\"height:30px\"><\/div>[vc_column_text]Hizmetlerimizle ilgili detayl\u0131 bilgi ve randevu almak i\u00e7in bizimle ileti\u015fime ge\u00e7in. Size en uygun tedavi se\u00e7eneklerini olu\u015fturmak amac\u0131yla bir randevu planlamas\u0131 yapmak i\u00e7in en k\u0131sa s\u00fcrede geri d\u00f6n\u00fc\u015f yapaca\u011f\u0131z.\u00a0 Klini\u011fimize gelme imkan\u0131 olmayan hastalar\u0131m\u0131za uygun tedavi plan\u0131n\u0131 olu\u015fturabilmemiz i\u00e7in yak\u0131n tarihte \u00e7ekilmi\u015f panoramik r\u00f6ntgen ve a\u011f\u0131zi\u00e7i fotograflar\u0131n\u0131 online randevu \u00f6ncesinde bizimle payla\u015fmalar\u0131n\u0131 rica ederiz.[\/vc_column_text][\/vc_column][\/vc_row][vc_row][vc_column][vc_separator][\/vc_column][\/vc_row][vc_row][vc_column]<div role=\"form\" class=\"wpcf7\" id=\"wpcf7-f4-o1\" lang=\"tr-TR\" dir=\"ltr\">\n<div class=\"screen-reader-response\"><\/div>\n<form action=\"\/tr\/wp-json\/wp\/v2\/pages\/691#wpcf7-f4-o1\" method=\"post\" class=\"wpcf7-form\" enctype=\"multipart\/form-data\" novalidate=\"novalidate\">\n<div style=\"display: none;\">\n<input type=\"hidden\" name=\"_wpcf7\" value=\"4\" \/>\n<input type=\"hidden\" name=\"_wpcf7_version\" value=\"5.1.4\" \/>\n<input type=\"hidden\" name=\"_wpcf7_locale\" value=\"tr_TR\" \/>\n<input type=\"hidden\" name=\"_wpcf7_unit_tag\" value=\"wpcf7-f4-o1\" \/>\n<input type=\"hidden\" name=\"_wpcf7_container_post\" value=\"0\" \/>\n<input type=\"hidden\" name=\"g-recaptcha-response\" value=\"\" \/>\n<\/div>\n<p><label>Bay\/Bayan (*)<br \/>\n    <span class=\"wpcf7-form-control-wrap menu-478\"><select name=\"menu-478\" class=\"wpcf7-form-control wpcf7-select wpcf7-validates-as-required\" aria-required=\"true\" aria-invalid=\"false\"><option value=\"\">---<\/option><option value=\"Bay\">Bay<\/option><option value=\"Bayan\">Bayan<\/option><\/select><\/span><br \/>\n<\/label><br \/>\n<label> Ad\u0131n\u0131z Soyad\u0131n\u0131z (*)<br \/>\n    <span class=\"wpcf7-form-control-wrap your-name\"><input type=\"text\" name=\"your-name\" value=\"\" size=\"40\" class=\"wpcf7-form-control wpcf7-text wpcf7-validates-as-required\" aria-required=\"true\" aria-invalid=\"false\" \/><\/span> <\/label><\/p>\n<p><label> E-posta Adresiniz (*)<br \/>\n    <span class=\"wpcf7-form-control-wrap your-email\"><input type=\"email\" name=\"your-email\" value=\"\" size=\"40\" class=\"wpcf7-form-control wpcf7-text wpcf7-email wpcf7-validates-as-required wpcf7-validates-as-email\" aria-required=\"true\" aria-invalid=\"false\" \/><\/span> <\/label><\/p>\n<p><label> Telefon Numaran\u0131z (*)<br \/>\n    <span class=\"wpcf7-form-control-wrap your-tel\"><input type=\"tel\" name=\"your-tel\" value=\"\" size=\"40\" class=\"wpcf7-form-control wpcf7-text wpcf7-tel wpcf7-validates-as-required wpcf7-validates-as-tel\" aria-required=\"true\" aria-invalid=\"false\" \/><\/span> <\/label><\/p>\n<p><label> Mesaj\u0131n\u0131z<br \/>\n    <span class=\"wpcf7-form-control-wrap your-message\"><textarea name=\"your-message\" cols=\"40\" rows=\"10\" class=\"wpcf7-form-control wpcf7-textarea\" aria-invalid=\"false\"><\/textarea><\/span> <\/label><\/p>\n<p><label> R\u00f6ntgen \/ Foto\u011fraf<br \/>\n<span class=\"wpcf7-form-control-wrap file-248\"><input type=\"file\" name=\"file-248\" size=\"40\" class=\"wpcf7-form-control wpcf7-file\" accept=\".jpg,.jpeg,.png,.gif,.pdf,.doc,.docx,.ppt,.pptx,.odt,.avi,.ogg,.m4a,.mov,.mp3,.mp4,.mpg,.wav,.wmv\" aria-invalid=\"false\" \/><\/span>  <\/label><\/p>\n<p><input type=\"submit\" value=\"G\u00f6nder\" class=\"wpcf7-form-control wpcf7-submit\" \/><\/p>\n<div class=\"wpcf7-response-output wpcf7-display-none\"><\/div><\/form><\/div>[\/vc_column][\/vc_row]\n","protected":false},"excerpt":{"rendered":"<p>[vc_row][vc_column width=&#8221;1\/3&#8243;][\/vc_column][vc_column width=&#8221;1\/3&#8243;][\/vc_column][vc_column width=&#8221;1\/3&#8243;][\/vc_column][\/vc_row][vc_row][vc_column width=&#8221;1\/3&#8243;][\/vc_column][vc_column width=&#8221;1\/3&#8243;][\/vc_column][vc_column width=&#8221;1\/3&#8243;][\/vc_column][\/vc_row][vc_row][vc_column width=&#8221;1\/3&#8243;][\/vc_column][vc_column width=&#8221;1\/3&#8243;][\/vc_column][vc_column width=&#8221;1\/3&#8243;][\/vc_column][\/vc_row][vc_row][vc_column][vc_column_text] Randevu ve \u0130leti\u015fim [\/vc_column_text][vc_column_text]Hizmetlerimizle ilgili detayl\u0131 bilgi ve randevu almak i\u00e7in bizimle ileti\u015fime ge\u00e7in. Size en uygun tedavi se\u00e7eneklerini olu\u015fturmak amac\u0131yla bir randevu planlamas\u0131 yapmak i\u00e7in en k\u0131sa s\u00fcrede geri&hellip;<\/p>\n","protected":false},"author":1,"featured_media":0,"parent":0,"menu_order":0,"comment_status":"closed","ping_status":"closed","template":"","meta":[],"_links":{"self":[{"href":"https:\/\/www.sidident.com\/tr\/wp-json\/wp\/v2\/pages\/691"}],"collection":[{"href":"https:\/\/www.sidident.com\/tr\/wp-json\/wp\/v2\/pages"}],"about":[{"href":"https:\/\/www.sidident.com\/tr\/wp-json\/wp\/v2\/types\/page"}],"author":[{"embeddable":true,"href":"https:\/\/www.sidident.com\/tr\/wp-json\/wp\/v2\/users\/1"}],"replies":[{"embeddable":true,"href":"https:\/\/www.sidident.com\/tr\/wp-json\/wp\/v2\/comments?post=691"}],"version-history":[{"count":90,"href":"https:\/\/www.sidident.com\/tr\/wp-json\/wp\/v2\/pages\/691\/revisions"}],"predecessor-version":[{"id":843,"href":"https:\/\/www.sidident.com\/tr\/wp-json\/wp\/v2\/pages\/691\/revisions\/843"}],"wp:attachment":[{"href":"https:\/\/www.sidident.com\/tr\/wp-json\/wp\/v2\/media?parent=691"}],"curies":[{"name":"wp","href":"https:\/\/api.w.org\/{rel}","templated":true}]}}