{"id":501,"date":"2018-06-19T17:28:01","date_gmt":"2018-06-19T14:28:01","guid":{"rendered":"http:\/\/www.sidident.com\/?page_id=501"},"modified":"2022-01-30T19:00:41","modified_gmt":"2022-01-30T16:00:41","slug":"randevu-talebi","status":"publish","type":"page","link":"https:\/\/www.sidident.com\/tr\/randevu-talebi\/","title":{"rendered":"Randevu Talebi"},"content":{"rendered":"[vc_row][vc_column][vc_column_text]Hizmetlerimizle ilgili detayl\u0131 bilgi ve randevu almak i\u00e7in bizimle ileti\u015fime ge\u00e7in. Size en uygun tedavi se\u00e7eneklerini olu\u015fturmak amac\u0131yla bir randevu planlamas\u0131 yapmak i\u00e7in en k\u0131sa s\u00fcrede geri d\u00f6n\u00fc\u015f yapaca\u011f\u0131z.\u00a0 Klini\u011fimize gelme imkan\u0131 olmayan hastalar\u0131m\u0131za uygun tedavi plan\u0131n\u0131 olu\u015fturabilmemiz i\u00e7in yak\u0131n tarihte \u00e7ekilmi\u015f panoramik r\u00f6ntgen ve a\u011f\u0131zi\u00e7i fotograflar\u0131n\u0131 online randevu \u00f6ncesinde bizimle payla\u015fmalar\u0131n\u0131 rica ederiz.[\/vc_column_text][\/vc_column][\/vc_row][vc_row][vc_column][vc_separator][\/vc_column][\/vc_row][vc_row][vc_column]<div role=\"form\" class=\"wpcf7\" id=\"wpcf7-f4-o1\" lang=\"tr-TR\" dir=\"ltr\">\n<div class=\"screen-reader-response\"><\/div>\n<form action=\"\/tr\/wp-json\/wp\/v2\/pages\/501#wpcf7-f4-o1\" method=\"post\" class=\"wpcf7-form\" enctype=\"multipart\/form-data\" novalidate=\"novalidate\">\n<div style=\"display: none;\">\n<input type=\"hidden\" name=\"_wpcf7\" value=\"4\" \/>\n<input type=\"hidden\" name=\"_wpcf7_version\" value=\"5.1.4\" \/>\n<input type=\"hidden\" name=\"_wpcf7_locale\" value=\"tr_TR\" \/>\n<input type=\"hidden\" name=\"_wpcf7_unit_tag\" value=\"wpcf7-f4-o1\" \/>\n<input type=\"hidden\" name=\"_wpcf7_container_post\" value=\"0\" \/>\n<input type=\"hidden\" name=\"g-recaptcha-response\" value=\"\" \/>\n<\/div>\n<p><label>Bay\/Bayan (*)<br \/>\n    <span class=\"wpcf7-form-control-wrap menu-478\"><select name=\"menu-478\" class=\"wpcf7-form-control wpcf7-select wpcf7-validates-as-required\" aria-required=\"true\" aria-invalid=\"false\"><option value=\"\">---<\/option><option value=\"Bay\">Bay<\/option><option value=\"Bayan\">Bayan<\/option><\/select><\/span><br \/>\n<\/label><br \/>\n<label> Ad\u0131n\u0131z Soyad\u0131n\u0131z (*)<br \/>\n    <span class=\"wpcf7-form-control-wrap your-name\"><input type=\"text\" name=\"your-name\" value=\"\" size=\"40\" class=\"wpcf7-form-control wpcf7-text wpcf7-validates-as-required\" aria-required=\"true\" aria-invalid=\"false\" \/><\/span> <\/label><\/p>\n<p><label> E-posta Adresiniz (*)<br \/>\n    <span class=\"wpcf7-form-control-wrap your-email\"><input type=\"email\" name=\"your-email\" value=\"\" size=\"40\" class=\"wpcf7-form-control wpcf7-text wpcf7-email wpcf7-validates-as-required wpcf7-validates-as-email\" aria-required=\"true\" aria-invalid=\"false\" \/><\/span> <\/label><\/p>\n<p><label> Telefon Numaran\u0131z (*)<br \/>\n    <span class=\"wpcf7-form-control-wrap your-tel\"><input type=\"tel\" name=\"your-tel\" value=\"\" size=\"40\" class=\"wpcf7-form-control wpcf7-text wpcf7-tel wpcf7-validates-as-required wpcf7-validates-as-tel\" aria-required=\"true\" aria-invalid=\"false\" \/><\/span> <\/label><\/p>\n<p><label> Mesaj\u0131n\u0131z<br \/>\n    <span class=\"wpcf7-form-control-wrap your-message\"><textarea name=\"your-message\" cols=\"40\" rows=\"10\" class=\"wpcf7-form-control wpcf7-textarea\" aria-invalid=\"false\"><\/textarea><\/span> <\/label><\/p>\n<p><label> R\u00f6ntgen \/ Foto\u011fraf<br \/>\n<span class=\"wpcf7-form-control-wrap file-248\"><input type=\"file\" name=\"file-248\" size=\"40\" class=\"wpcf7-form-control wpcf7-file\" accept=\".jpg,.jpeg,.png,.gif,.pdf,.doc,.docx,.ppt,.pptx,.odt,.avi,.ogg,.m4a,.mov,.mp3,.mp4,.mpg,.wav,.wmv\" aria-invalid=\"false\" \/><\/span>  <\/label><\/p>\n<p><input type=\"submit\" value=\"G\u00f6nder\" class=\"wpcf7-form-control wpcf7-submit\" \/><\/p>\n<div class=\"wpcf7-response-output wpcf7-display-none\"><\/div><\/form><\/div>[\/vc_column][\/vc_row]\n","protected":false},"excerpt":{"rendered":"<p>[vc_row][vc_column][vc_column_text]Hizmetlerimizle ilgili detayl\u0131 bilgi ve randevu almak i\u00e7in bizimle ileti\u015fime ge\u00e7in. Size en uygun tedavi se\u00e7eneklerini olu\u015fturmak amac\u0131yla bir randevu planlamas\u0131 yapmak i\u00e7in en k\u0131sa s\u00fcrede geri d\u00f6n\u00fc\u015f yapaca\u011f\u0131z.\u00a0 Klini\u011fimize gelme imkan\u0131 olmayan hastalar\u0131m\u0131za uygun tedavi plan\u0131n\u0131 olu\u015fturabilmemiz i\u00e7in yak\u0131n&hellip;<\/p>\n","protected":false},"author":2,"featured_media":0,"parent":0,"menu_order":0,"comment_status":"closed","ping_status":"closed","template":"","meta":[],"_links":{"self":[{"href":"https:\/\/www.sidident.com\/tr\/wp-json\/wp\/v2\/pages\/501"}],"collection":[{"href":"https:\/\/www.sidident.com\/tr\/wp-json\/wp\/v2\/pages"}],"about":[{"href":"https:\/\/www.sidident.com\/tr\/wp-json\/wp\/v2\/types\/page"}],"author":[{"embeddable":true,"href":"https:\/\/www.sidident.com\/tr\/wp-json\/wp\/v2\/users\/2"}],"replies":[{"embeddable":true,"href":"https:\/\/www.sidident.com\/tr\/wp-json\/wp\/v2\/comments?post=501"}],"version-history":[{"count":7,"href":"https:\/\/www.sidident.com\/tr\/wp-json\/wp\/v2\/pages\/501\/revisions"}],"predecessor-version":[{"id":789,"href":"https:\/\/www.sidident.com\/tr\/wp-json\/wp\/v2\/pages\/501\/revisions\/789"}],"wp:attachment":[{"href":"https:\/\/www.sidident.com\/tr\/wp-json\/wp\/v2\/media?parent=501"}],"curies":[{"name":"wp","href":"https:\/\/api.w.org\/{rel}","templated":true}]}}