{"id":471,"date":"2018-06-18T22:19:54","date_gmt":"2018-06-18T19:19:54","guid":{"rendered":"http:\/\/www.sidident.com\/?page_id=471"},"modified":"2018-06-19T18:09:02","modified_gmt":"2018-06-19T15:09:02","slug":"vakalar","status":"publish","type":"page","link":"https:\/\/www.sidident.com\/tr\/vakalar\/","title":{"rendered":"Vakalar"},"content":{"rendered":"[vc_row][vc_column][vc_column_text]<span style=\"font-size: 18px;\"><strong><a href=\"http:\/\/www.sidident.com\/dolgu-vakalari\/\">Dolgu Vakalar\u0131<\/a><\/strong><\/span><\/p>\n<p><span style=\"font-size: 18px;\"><strong><a href=\"http:\/\/www.sidident.com\/bleaching-vakalari\/\">Bleaching Vakalar\u0131<\/a><\/strong><\/span><\/p>\n<p><span style=\"font-size: 18px;\"><strong><a href=\"http:\/\/www.sidident.com\/veneer-vakalari\/\">Veneer Vakalar\u0131<\/a><\/strong><\/span><\/p>\n<p><span style=\"font-size: 18px;\"><strong><a href=\"http:\/\/www.sidident.com\/diastema-vakalari\/\">Diastema Vakalar\u0131<\/a><\/strong><\/span><\/p>\n<p><span style=\"font-size: 18px;\"><strong><a href=\"http:\/\/www.sidident.com\/full-mouth-vakalari\/\">Full Mouth Vakalar\u0131<\/a><\/strong><\/span><\/p>\n<p><span style=\"font-size: 18px;\"><strong><a href=\"http:\/\/www.sidident.com\/implant-vakalari\/\">\u0130mplant Vakalar\u0131<\/a><\/strong><\/span>[\/vc_column_text][\/vc_column][\/vc_row]\n","protected":false},"excerpt":{"rendered":"<p>[vc_row][vc_column][vc_column_text]Dolgu Vakalar\u0131 Bleaching Vakalar\u0131 Veneer Vakalar\u0131 Diastema Vakalar\u0131 Full Mouth Vakalar\u0131 \u0130mplant Vakalar\u0131[\/vc_column_text][\/vc_column][\/vc_row]<\/p>\n","protected":false},"author":2,"featured_media":0,"parent":0,"menu_order":0,"comment_status":"closed","ping_status":"closed","template":"","meta":[],"_links":{"self":[{"href":"https:\/\/www.sidident.com\/tr\/wp-json\/wp\/v2\/pages\/471"}],"collection":[{"href":"https:\/\/www.sidident.com\/tr\/wp-json\/wp\/v2\/pages"}],"about":[{"href":"https:\/\/www.sidident.com\/tr\/wp-json\/wp\/v2\/types\/page"}],"author":[{"embeddable":true,"href":"https:\/\/www.sidident.com\/tr\/wp-json\/wp\/v2\/users\/2"}],"replies":[{"embeddable":true,"href":"https:\/\/www.sidident.com\/tr\/wp-json\/wp\/v2\/comments?post=471"}],"version-history":[{"count":3,"href":"https:\/\/www.sidident.com\/tr\/wp-json\/wp\/v2\/pages\/471\/revisions"}],"predecessor-version":[{"id":518,"href":"https:\/\/www.sidident.com\/tr\/wp-json\/wp\/v2\/pages\/471\/revisions\/518"}],"wp:attachment":[{"href":"https:\/\/www.sidident.com\/tr\/wp-json\/wp\/v2\/media?parent=471"}],"curies":[{"name":"wp","href":"https:\/\/api.w.org\/{rel}","templated":true}]}}