{"id":461,"date":"2018-06-18T22:08:15","date_gmt":"2018-06-18T19:08:15","guid":{"rendered":"http:\/\/www.sidident.com\/?page_id=461"},"modified":"2018-06-19T18:07:46","modified_gmt":"2018-06-19T15:07:46","slug":"merak-ettikleriniz","status":"publish","type":"page","link":"https:\/\/www.sidident.com\/tr\/merak-ettikleriniz\/","title":{"rendered":"Merak Ettikleriniz"},"content":{"rendered":"[vc_row][vc_column][vc_column_text]<span style=\"font-size: 18px;\"><strong><a href=\"http:\/\/www.sidident.com\/agiz-kokusu-halitosis\/\">A\u011f\u0131z Kokusu (Halitosis)<\/a><\/strong><\/span><\/p>\n<p><span style=\"font-size: 18px;\"><strong><a href=\"http:\/\/www.sidident.com\/agiz-koruyucular\/\">A\u011f\u0131z Koruyucular<\/a><\/strong><\/span><\/p>\n<p><span style=\"font-size: 18px;\"><strong><a href=\"http:\/\/www.sidident.com\/horlama-ve-uyku-apnesi\/\">Horlama ve Uyku Apnesi<\/a><\/strong><\/span><\/p>\n<p><span style=\"font-size: 18px;\"><strong><a href=\"http:\/\/www.sidident.com\/dis-hekimi-korkusu\/\">Di\u015f Hekimi Korkusu<\/a><\/strong><\/span><\/p>\n<p><span style=\"font-size: 18px;\"><strong><a href=\"http:\/\/www.sidident.com\/aft-ve-ucuklar\/\">Aft ve U\u00e7uklar<\/a><\/strong><\/span><\/p>\n<p><span style=\"font-size: 18px;\"><strong><a href=\"http:\/\/www.sidident.com\/agiz-kurulugu\/\">A\u011f\u0131z Kurulu\u011fu<\/a><\/strong><\/span><\/p>\n<p><span style=\"font-size: 18px;\"><strong><a href=\"http:\/\/www.sidident.com\/agiz-kanserleri\/\">A\u011f\u0131z Kanserleri<\/a><\/strong><\/span><\/p>\n<p><span style=\"font-size: 18px;\"><strong><a href=\"http:\/\/www.sidident.com\/dis-hassasiyeti\/\">Di\u015f Hassasiyeti<\/a><\/strong><\/span><\/p>\n<p><span style=\"font-size: 18px;\"><strong><a href=\"http:\/\/www.sidident.com\/ergenlik-ve-menapoz-doneminde-agiz-ortaminda-olusabilecek-degisiklikler\/\">Ergenlik ve Menapoz d\u00f6neminde a\u011f\u0131z ortam\u0131nda olu\u015fabilecek de\u011fi\u015fiklikler<\/a><\/strong><\/span>[\/vc_column_text][\/vc_column][\/vc_row]\n","protected":false},"excerpt":{"rendered":"<p>[vc_row][vc_column][vc_column_text]A\u011f\u0131z Kokusu (Halitosis) A\u011f\u0131z Koruyucular Horlama ve Uyku Apnesi Di\u015f Hekimi Korkusu Aft ve U\u00e7uklar A\u011f\u0131z Kurulu\u011fu A\u011f\u0131z Kanserleri Di\u015f Hassasiyeti Ergenlik ve Menapoz d\u00f6neminde a\u011f\u0131z ortam\u0131nda olu\u015fabilecek de\u011fi\u015fiklikler[\/vc_column_text][\/vc_column][\/vc_row]<\/p>\n","protected":false},"author":2,"featured_media":0,"parent":0,"menu_order":0,"comment_status":"closed","ping_status":"closed","template":"","meta":[],"_links":{"self":[{"href":"https:\/\/www.sidident.com\/tr\/wp-json\/wp\/v2\/pages\/461"}],"collection":[{"href":"https:\/\/www.sidident.com\/tr\/wp-json\/wp\/v2\/pages"}],"about":[{"href":"https:\/\/www.sidident.com\/tr\/wp-json\/wp\/v2\/types\/page"}],"author":[{"embeddable":true,"href":"https:\/\/www.sidident.com\/tr\/wp-json\/wp\/v2\/users\/2"}],"replies":[{"embeddable":true,"href":"https:\/\/www.sidident.com\/tr\/wp-json\/wp\/v2\/comments?post=461"}],"version-history":[{"count":7,"href":"https:\/\/www.sidident.com\/tr\/wp-json\/wp\/v2\/pages\/461\/revisions"}],"predecessor-version":[{"id":517,"href":"https:\/\/www.sidident.com\/tr\/wp-json\/wp\/v2\/pages\/461\/revisions\/517"}],"wp:attachment":[{"href":"https:\/\/www.sidident.com\/tr\/wp-json\/wp\/v2\/media?parent=461"}],"curies":[{"name":"wp","href":"https:\/\/api.w.org\/{rel}","templated":true}]}}