{"id":453,"date":"2018-06-18T22:05:06","date_gmt":"2018-06-18T19:05:06","guid":{"rendered":"http:\/\/www.sidident.com\/?page_id=453"},"modified":"2018-06-19T18:05:02","modified_gmt":"2018-06-19T15:05:02","slug":"453-2","status":"publish","type":"page","link":"https:\/\/www.sidident.com\/tr\/453-2\/","title":{"rendered":"A\u011f\u0131z Hijyen E\u011fitimi"},"content":{"rendered":"[vc_row][vc_column][vc_column_text]<span style=\"font-size: 18px;\"><strong><a href=\"http:\/\/www.sidident.com\/bakteri-plagi\/\">Bakteri Pla\u011f\u0131<\/a><\/strong><\/span><\/p>\n<p><span style=\"font-size: 18px;\"><strong><a href=\"http:\/\/www.sidident.com\/dis-tasi-tartar\/\">Di\u015f Ta\u015f\u0131 (Tartar)<\/a><\/strong><\/span><\/p>\n<p><span style=\"font-size: 18px;\"><strong><a href=\"http:\/\/www.sidident.com\/disleri-temizletmek-zararli-midir\/\">Di\u015fleri Temizletmek Zararl\u0131 m\u0131d\u0131r?<\/a><\/strong><\/span><\/p>\n<p><span style=\"font-size: 18px;\"><strong><a href=\"http:\/\/www.sidident.com\/agiz-ve-dis-temizligi\/\">A\u011f\u0131z ve Di\u015f Temizli\u011fi<\/a><\/strong><\/span><\/p>\n[\/vc_column_text][\/vc_column][\/vc_row]\n","protected":false},"excerpt":{"rendered":"<p>[vc_row][vc_column][vc_column_text]Bakteri Pla\u011f\u0131 Di\u015f Ta\u015f\u0131 (Tartar) Di\u015fleri Temizletmek Zararl\u0131 m\u0131d\u0131r? A\u011f\u0131z ve Di\u015f Temizli\u011fi [\/vc_column_text][\/vc_column][\/vc_row]<\/p>\n","protected":false},"author":2,"featured_media":0,"parent":0,"menu_order":0,"comment_status":"closed","ping_status":"closed","template":"","meta":[],"_links":{"self":[{"href":"https:\/\/www.sidident.com\/tr\/wp-json\/wp\/v2\/pages\/453"}],"collection":[{"href":"https:\/\/www.sidident.com\/tr\/wp-json\/wp\/v2\/pages"}],"about":[{"href":"https:\/\/www.sidident.com\/tr\/wp-json\/wp\/v2\/types\/page"}],"author":[{"embeddable":true,"href":"https:\/\/www.sidident.com\/tr\/wp-json\/wp\/v2\/users\/2"}],"replies":[{"embeddable":true,"href":"https:\/\/www.sidident.com\/tr\/wp-json\/wp\/v2\/comments?post=453"}],"version-history":[{"count":6,"href":"https:\/\/www.sidident.com\/tr\/wp-json\/wp\/v2\/pages\/453\/revisions"}],"predecessor-version":[{"id":515,"href":"https:\/\/www.sidident.com\/tr\/wp-json\/wp\/v2\/pages\/453\/revisions\/515"}],"wp:attachment":[{"href":"https:\/\/www.sidident.com\/tr\/wp-json\/wp\/v2\/media?parent=453"}],"curies":[{"name":"wp","href":"https:\/\/api.w.org\/{rel}","templated":true}]}}