{"id":446,"date":"2018-06-18T22:01:10","date_gmt":"2018-06-18T19:01:10","guid":{"rendered":"http:\/\/www.sidident.com\/?page_id=446"},"modified":"2022-02-06T11:29:48","modified_gmt":"2022-02-06T08:29:48","slug":"hamilelerde-dis-bakimi","status":"publish","type":"page","link":"https:\/\/www.sidident.com\/tr\/hamilelerde-dis-bakimi\/","title":{"rendered":"Hamilelerde Di\u015f Bak\u0131m\u0131"},"content":{"rendered":"[vc_row][vc_column][vc_column_text]<span style=\"font-size: 18px;\"><strong><a href=\"https:\/\/www.sidident.com\/her-dogumda-dis-kaybedilir-dusuncesi-dogru-mu\/\">Her do\u011fumda bir di\u015f kaybedilir d\u00fc\u015f\u00fcncesi do\u011fru mu?<\/a><\/strong><\/span><\/p>\n<p><span style=\"font-size: 18px;\"><strong><a href=\"http:\/\/www.sidident.com\/hamilelik-doneminde-hormonlara-bagli-degisiklikler\/\">Hamilelik d\u00f6neminde hormonlara ba\u011fl\u0131 de\u011fi\u015fiklikler<\/a><\/strong><\/span><\/p>\n<p><span style=\"font-size: 18px;\"><strong><a href=\"http:\/\/www.sidident.com\/hamilelik-sirasinda-dis-tedavisi-yapilabilir-mi\/\">Hamilelik s\u0131ras\u0131nda di\u015f tedavisi yap\u0131labilir mi?<\/a><\/strong><\/span><\/p>\n<p><span style=\"font-size: 18px;\"><strong><a href=\"http:\/\/www.sidident.com\/hamilelik-sirasinda-ekstra-bir-agiz-dis-bakimi-gerekli-midir\/\">Hamilelik s\u0131ras\u0131nda ekstra bir a\u011f\u0131z-di\u015f bak\u0131m\u0131 gerekli midir?<\/a><\/strong><\/span><\/p>\n<p><span style=\"font-size: 18px;\"><strong><a href=\"http:\/\/www.sidident.com\/hamilelikte-dental-anestezi-yapilabilir-mi-dis-rontgeni-cekilebilir-mi\/\">Hamilelikte dental anestezi yap\u0131labilir mi, di\u015f r\u00f6ntgeni \u00e7ekilebilir mi?<\/a><\/strong><\/span><\/p>\n<p><span style=\"font-size: 18px;\"><strong><a href=\"http:\/\/www.sidident.com\/hamilelik-gingitisi-pregnancy-gingivitis\/\">Hamilelik gingitisi (Pregnancy gingivitis)<\/a><\/strong><\/span><\/p>\n<p><span style=\"font-size: 18px;\"><strong><a href=\"http:\/\/www.sidident.com\/hamilelikte-dis-cekilir-mi\/\">Hamilelikte di\u015f \u00e7ekilir mi?<\/a><\/strong><\/span><\/p>\n<p><span style=\"font-size: 18px;\"><strong><a href=\"http:\/\/www.sidident.com\/hamilelik-agiz-sagligini-nasil-etkiler\/\">Hamilelik a\u011f\u0131z sa\u011fl\u0131\u011f\u0131n\u0131 nas\u0131l etkiler?<\/a><\/strong><\/span><\/p>\n<p><span style=\"font-size: 18px;\"><strong><a href=\"http:\/\/www.sidident.com\/dishekimine-ne-zaman-gitmelidir\/\">Di\u015fhekimine ne zaman gitmelidir?<\/a><\/strong><\/span><\/p>\n<p><span style=\"font-size: 18px;\"><strong><a href=\"http:\/\/www.sidident.com\/bebegin-dis-sagligi-icin-alinmasi-gereken-onlemler-nelerdir\/\">Bebe\u011fin di\u015f sa\u011fl\u0131\u011f\u0131 i\u00e7in al\u0131nmas\u0131 gereken \u00f6nlemler nelerdir?<\/a><\/strong><\/span>[\/vc_column_text][\/vc_column][\/vc_row]\n","protected":false},"excerpt":{"rendered":"<p>[vc_row][vc_column][vc_column_text]Her do\u011fumda bir di\u015f kaybedilir d\u00fc\u015f\u00fcncesi do\u011fru mu? Hamilelik d\u00f6neminde hormonlara ba\u011fl\u0131 de\u011fi\u015fiklikler Hamilelik s\u0131ras\u0131nda di\u015f tedavisi yap\u0131labilir mi? Hamilelik s\u0131ras\u0131nda ekstra bir a\u011f\u0131z-di\u015f bak\u0131m\u0131 gerekli midir? Hamilelikte dental anestezi yap\u0131labilir mi, di\u015f r\u00f6ntgeni \u00e7ekilebilir mi? Hamilelik gingitisi (Pregnancy gingivitis)&hellip;<\/p>\n","protected":false},"author":2,"featured_media":0,"parent":0,"menu_order":0,"comment_status":"closed","ping_status":"closed","template":"","meta":[],"_links":{"self":[{"href":"https:\/\/www.sidident.com\/tr\/wp-json\/wp\/v2\/pages\/446"}],"collection":[{"href":"https:\/\/www.sidident.com\/tr\/wp-json\/wp\/v2\/pages"}],"about":[{"href":"https:\/\/www.sidident.com\/tr\/wp-json\/wp\/v2\/types\/page"}],"author":[{"embeddable":true,"href":"https:\/\/www.sidident.com\/tr\/wp-json\/wp\/v2\/users\/2"}],"replies":[{"embeddable":true,"href":"https:\/\/www.sidident.com\/tr\/wp-json\/wp\/v2\/comments?post=446"}],"version-history":[{"count":8,"href":"https:\/\/www.sidident.com\/tr\/wp-json\/wp\/v2\/pages\/446\/revisions"}],"predecessor-version":[{"id":979,"href":"https:\/\/www.sidident.com\/tr\/wp-json\/wp\/v2\/pages\/446\/revisions\/979"}],"wp:attachment":[{"href":"https:\/\/www.sidident.com\/tr\/wp-json\/wp\/v2\/media?parent=446"}],"curies":[{"name":"wp","href":"https:\/\/api.w.org\/{rel}","templated":true}]}}