{"id":430,"date":"2018-06-18T21:49:12","date_gmt":"2018-06-18T18:49:12","guid":{"rendered":"http:\/\/www.sidident.com\/?page_id=430"},"modified":"2018-06-18T22:40:37","modified_gmt":"2018-06-18T19:40:37","slug":"genel-dis-hekimligi","status":"publish","type":"page","link":"https:\/\/www.sidident.com\/tr\/genel-dis-hekimligi\/","title":{"rendered":"Genel Di\u015f Hekimli\u011fi"},"content":{"rendered":"[vc_row][vc_column][vc_column_text]<span style=\"font-size: 18px;\"><strong><a href=\"http:\/\/www.sidident.com\/dis-dolgulari\/\">Di\u015f Dolgular\u0131<\/a><\/strong><\/span><\/p>\n<p><span style=\"font-size: 18px;\"><strong><a href=\"http:\/\/www.sidident.com\/kanal-tedavisi-endodonti\/\">Kanal tedavisi (Endodonti)<\/a><\/strong><\/span><\/p>\n<p><span style=\"font-size: 18px;\"><strong><a href=\"http:\/\/www.sidident.com\/cerrahi\/\">Cerrahi<\/a><\/strong><\/span><\/p>\n<p><span style=\"font-size: 18px;\"><strong><a href=\"http:\/\/www.sidident.com\/pedodonti-cocuk-dis-hekimligi\/\">Pedodonti (\u00c7ocuk Di\u015f Hekimli\u011fi)<\/a><\/strong><\/span><\/p>\n<p><span style=\"font-size: 18px;\"><strong><a href=\"http:\/\/www.sidident.com\/cocuklara-agiz-dis-bakimi-aliskanliginin-kazandirilmasi\/\">\u00c7ocuklara A\u011f\u0131z Di\u015f Bak\u0131m\u0131 Al\u0131\u015fkanl\u0131\u011f\u0131n\u0131n Kazand\u0131r\u0131lmas\u0131<\/a><\/strong><\/span><\/p>\n<p><span style=\"font-size: 18px;\"><strong><a href=\"http:\/\/www.sidident.com\/ortodonti-dis-duzeltme-tedavisi\/\">Ortodonti (Di\u015f D\u00fczeltme Tedavisi)<\/a><\/strong><\/span><\/p>\n<p><span style=\"font-size: 18px;\"><strong><a href=\"http:\/\/www.sidident.com\/dis-eti-hastaliklariperiodontoloji\/\">Di\u015f Eti Hastal\u0131klar\u0131(Periodontoloji)<\/a><\/strong><\/span><\/p>\n<p><span style=\"font-size: 18px;\"><strong><a href=\"http:\/\/www.sidident.com\/total-parsiyel-protezler-tam-ve-bolumlu-protezler\/\">Total-Parsiyel Protezler (Tam ve B\u00f6l\u00fcml\u00fc Protezler)<\/a><\/strong><\/span><\/p>\n<p><span style=\"font-size: 18px;\"><strong><a href=\"http:\/\/www.sidident.com\/sabit-protezler\/\">Sabit Protezler<\/a><\/strong><\/span><\/p>\n<p><span style=\"font-size: 18px;\"><strong><a href=\"http:\/\/www.sidident.com\/dental-implantlar\/\">Dental \u0130mplantlar<\/a><\/strong><\/span><\/p>\n<p><span style=\"font-size: 18px;\"><strong><a href=\"http:\/\/www.sidident.com\/cene-eklemi-rahatsizliklari-tme-hastaliklari\/\">\u00c7ene Eklemi rahats\u0131zl\u0131klar\u0131 (TME Hastal\u0131klar\u0131)<\/a><\/strong><\/span><\/p>\n<p><span style=\"font-size: 18px;\"><strong><a href=\"http:\/\/www.sidident.com\/acil-dis-hekimligi\/\">Acil Di\u015f Hekimli\u011fi<\/a><\/strong><\/span>[\/vc_column_text][\/vc_column][\/vc_row]\n","protected":false},"excerpt":{"rendered":"<p>[vc_row][vc_column][vc_column_text]Di\u015f Dolgular\u0131 Kanal tedavisi (Endodonti) Cerrahi Pedodonti (\u00c7ocuk Di\u015f Hekimli\u011fi) \u00c7ocuklara A\u011f\u0131z Di\u015f Bak\u0131m\u0131 Al\u0131\u015fkanl\u0131\u011f\u0131n\u0131n Kazand\u0131r\u0131lmas\u0131 Ortodonti (Di\u015f D\u00fczeltme Tedavisi) Di\u015f Eti Hastal\u0131klar\u0131(Periodontoloji) Total-Parsiyel Protezler (Tam ve B\u00f6l\u00fcml\u00fc Protezler) Sabit Protezler Dental \u0130mplantlar \u00c7ene Eklemi rahats\u0131zl\u0131klar\u0131 (TME Hastal\u0131klar\u0131) Acil Di\u015f&hellip;<\/p>\n","protected":false},"author":2,"featured_media":0,"parent":0,"menu_order":0,"comment_status":"closed","ping_status":"closed","template":"","meta":[],"_links":{"self":[{"href":"https:\/\/www.sidident.com\/tr\/wp-json\/wp\/v2\/pages\/430"}],"collection":[{"href":"https:\/\/www.sidident.com\/tr\/wp-json\/wp\/v2\/pages"}],"about":[{"href":"https:\/\/www.sidident.com\/tr\/wp-json\/wp\/v2\/types\/page"}],"author":[{"embeddable":true,"href":"https:\/\/www.sidident.com\/tr\/wp-json\/wp\/v2\/users\/2"}],"replies":[{"embeddable":true,"href":"https:\/\/www.sidident.com\/tr\/wp-json\/wp\/v2\/comments?post=430"}],"version-history":[{"count":5,"href":"https:\/\/www.sidident.com\/tr\/wp-json\/wp\/v2\/pages\/430\/revisions"}],"predecessor-version":[{"id":485,"href":"https:\/\/www.sidident.com\/tr\/wp-json\/wp\/v2\/pages\/430\/revisions\/485"}],"wp:attachment":[{"href":"https:\/\/www.sidident.com\/tr\/wp-json\/wp\/v2\/media?parent=430"}],"curies":[{"name":"wp","href":"https:\/\/api.w.org\/{rel}","templated":true}]}}