{"id":340,"date":"2018-06-17T15:49:53","date_gmt":"2018-06-17T12:49:53","guid":{"rendered":"http:\/\/www.sidident.com\/?page_id=340"},"modified":"2022-01-30T20:21:10","modified_gmt":"2022-01-30T17:21:10","slug":"orthodontist-bodrum-klinigimiz","status":"publish","type":"page","link":"https:\/\/www.sidident.com\/tr\/orthodontist-bodrum-klinigimiz\/","title":{"rendered":"Klini\u011fimiz"},"content":{"rendered":"[vc_row][vc_column][vc_column_text]SidiDent di\u015f klini\u011fini\u011fi olarak 30 y\u0131l\u0131 a\u015fk\u0131n bilgi birikimi ve deneyimimizle Bodrum, T\u00fcrkiye\u2019deki klini\u011fimizde hizmetinizdeyiz.\u00a0 Sizlerin sa\u011fl\u0131k ve estetik gereksinimlerini her zaman \u00f6n planda tutarak size en uygun\u00a0 tedavi se\u00e7eneklerini sunmak i\u00e7in \u00e7al\u0131\u015f\u0131yoruz.[\/vc_column_text][vc_column_text]\n<h2>Di\u015f Hekimi R\u0131fat Sidi<\/h2>\n<div>\n<p><img decoding=\"async\" loading=\"lazy\" class=\"alignleft\" src=\"http:\/\/www.sidident.com\/dentist-in-bodrum-site-images\/rifatsidi.jpg\" width=\"141\" height=\"140\" \/><\/p>\n<p>1966 \u0130stanbul do\u011fumluyum. <strong>Avusturya Erkek Lisesi<\/strong>&#8216;ni (Sankt George \u00d6sterreichishes Realgymnasium) takiben <strong>\u0130stanbul \u00dcniversitesi Di\u015f Hekimli\u011fi Fak\u00fcltesi<\/strong>&#8216;nden 1990 y\u0131l\u0131nda mezun oldum. Sonras\u0131nda<strong> New York University Dental School<\/strong>&#8216;da e\u011fitimime devam ettim. 1992-1994 y\u0131llar\u0131 aras\u0131nda Atilla Denizalp \u0130mplant Enstit\u00fcs\u00fc\u2019nde yo\u011fun implantoloji, restoratif ve prostetik di\u015f hekimli\u011fi \u00fczerine \u00e7al\u0131\u015ft\u0131m. 1994-2001 y\u0131llar\u0131 aras\u0131nda \u0130stanbul\u2019da Ni\u015fanta\u015f\u0131\u2019ndaki klini\u011fimde hastalar\u0131ma hizmet verdim. 2001-2004 y\u0131llar\u0131 aras\u0131nda Bodrum Medicare Klini\u011finde sorumlu di\u015f hekimi olarak g\u00f6rev yapt\u0131m.\u00a0 2004 y\u0131l\u0131ndan bu yana Bodrum\u2019da kendi klini\u011fimde a\u011f\u0131rl\u0131kl\u0131 olarak estetik ve restoratif di\u015f hekimli\u011fi, implantoloji ve genel di\u015f hekimli\u011fi alanlar\u0131nda \u00e7al\u0131\u015fmaktay\u0131m.<\/p>\n<\/div>\n[\/vc_column_text][\/vc_column][\/vc_row]\n","protected":false},"excerpt":{"rendered":"<p>[vc_row][vc_column][vc_column_text]SidiDent di\u015f klini\u011fini\u011fi olarak 30 y\u0131l\u0131 a\u015fk\u0131n bilgi birikimi ve deneyimimizle Bodrum, T\u00fcrkiye\u2019deki klini\u011fimizde hizmetinizdeyiz.\u00a0 Sizlerin sa\u011fl\u0131k ve estetik gereksinimlerini her zaman \u00f6n planda tutarak size en uygun\u00a0 tedavi se\u00e7eneklerini sunmak i\u00e7in \u00e7al\u0131\u015f\u0131yoruz.[\/vc_column_text][vc_column_text] Di\u015f Hekimi R\u0131fat Sidi 1966 \u0130stanbul do\u011fumluyum.&hellip;<\/p>\n","protected":false},"author":2,"featured_media":0,"parent":0,"menu_order":0,"comment_status":"closed","ping_status":"closed","template":"","meta":[],"_links":{"self":[{"href":"https:\/\/www.sidident.com\/tr\/wp-json\/wp\/v2\/pages\/340"}],"collection":[{"href":"https:\/\/www.sidident.com\/tr\/wp-json\/wp\/v2\/pages"}],"about":[{"href":"https:\/\/www.sidident.com\/tr\/wp-json\/wp\/v2\/types\/page"}],"author":[{"embeddable":true,"href":"https:\/\/www.sidident.com\/tr\/wp-json\/wp\/v2\/users\/2"}],"replies":[{"embeddable":true,"href":"https:\/\/www.sidident.com\/tr\/wp-json\/wp\/v2\/comments?post=340"}],"version-history":[{"count":11,"href":"https:\/\/www.sidident.com\/tr\/wp-json\/wp\/v2\/pages\/340\/revisions"}],"predecessor-version":[{"id":831,"href":"https:\/\/www.sidident.com\/tr\/wp-json\/wp\/v2\/pages\/340\/revisions\/831"}],"wp:attachment":[{"href":"https:\/\/www.sidident.com\/tr\/wp-json\/wp\/v2\/media?parent=340"}],"curies":[{"name":"wp","href":"https:\/\/api.w.org\/{rel}","templated":true}]}}