{"id":337,"date":"2018-06-17T15:48:09","date_gmt":"2018-06-17T12:48:09","guid":{"rendered":"http:\/\/www.sidident.com\/?page_id=337"},"modified":"2022-02-11T16:47:01","modified_gmt":"2022-02-11T13:47:01","slug":"iletisim","status":"publish","type":"page","link":"https:\/\/www.sidident.com\/tr\/iletisim\/","title":{"rendered":"\u0130leti\u015fim"},"content":{"rendered":"[vc_row][vc_column][vc_column_text]\n<h2>R\u0131fat S\u0130D\u0130<\/h2>\n<p><strong>Adres:<\/strong> \u00c7ar\u015f\u0131 mahallesi eski H\u00fck\u00fcmet Sokak No:27\/2 Bodrum \/ Mu\u011fla \/ T\u00fcrkiye<\/p>\n<p><strong>Tel:<\/strong> +90 (252) 316 0070<\/p>\n<p><strong>E-posta:<\/strong>\u00a0<a href=\"mailto:sidident@sidident.com\">sidident@sidident.com<\/a>[\/vc_column_text][vc_empty_space][vc_gmaps link=&#8221;#E-8_JTNDaWZyYW1lJTIwc3JjJTNEJTIyaHR0cHMlM0ElMkYlMkZ3d3cuZ29vZ2xlLmNvbSUyRm1hcHMlMkZlbWJlZCUzRnBiJTNEJTIxMW0xOCUyMTFtMTIlMjExbTMlMjExZDMxODQuOTExMDQ1MTQwNzgyMyUyMTJkMjcuNDI4MjkwNzE1NjgzNDA2JTIxM2QzNy4wMzU3NjcyNzk5MDA3OSUyMTJtMyUyMTFmMCUyMTJmMCUyMTNmMCUyMTNtMiUyMTFpMTAyNCUyMTJpNzY4JTIxNGYxMy4xJTIxM20zJTIxMW0yJTIxMXMweDE0YmU2YzQwNDYzOGIwMTElMjUzQTB4MmUzMzU2NzhiNmE4NTQwOCUyMTJ6dzRkaGNzV2Z4TEVnVFdGb1lXeHNaWE5wTENCRmMydHBJRWpEdkd2RHZHMWxkQ0JUYXk0c0lEUTROREF3SUVKdlpISjFiUzlOZGNTZmJHRSUyMTVlMCUyMTNtMiUyMTFzZW4lMjEyc3RyJTIxNHYxNTI5NTAzNTczNDIyJTIyJTIwd2lkdGglM0QlMjI2MDAlMjIlMjBoZWlnaHQlM0QlMjI0NTAlMjIlMjBmcmFtZWJvcmRlciUzRCUyMjAlMjIlMjBzdHlsZSUzRCUyMmJvcmRlciUzQTAlMjIlMjBhbGxvd2Z1bGxzY3JlZW4lM0UlM0MlMkZpZnJhbWUlM0U=&#8221;][\/vc_column][\/vc_row]\n","protected":false},"excerpt":{"rendered":"<p>[vc_row][vc_column][vc_column_text] R\u0131fat S\u0130D\u0130 Adres: \u00c7ar\u015f\u0131 mahallesi eski H\u00fck\u00fcmet Sokak No:27\/2 Bodrum \/ Mu\u011fla \/ T\u00fcrkiye Tel: +90 (252) 316 0070 E-posta:\u00a0sidident@sidident.com[\/vc_column_text][vc_empty_space][vc_gmaps link=&#8221;#E-8_JTNDaWZyYW1lJTIwc3JjJTNEJTIyaHR0cHMlM0ElMkYlMkZ3d3cuZ29vZ2xlLmNvbSUyRm1hcHMlMkZlbWJlZCUzRnBiJTNEJTIxMW0xOCUyMTFtMTIlMjExbTMlMjExZDMxODQuOTExMDQ1MTQwNzgyMyUyMTJkMjcuNDI4MjkwNzE1NjgzNDA2JTIxM2QzNy4wMzU3NjcyNzk5MDA3OSUyMTJtMyUyMTFmMCUyMTJmMCUyMTNmMCUyMTNtMiUyMTFpMTAyNCUyMTJpNzY4JTIxNGYxMy4xJTIxM20zJTIxMW0yJTIxMXMweDE0YmU2YzQwNDYzOGIwMTElMjUzQTB4MmUzMzU2NzhiNmE4NTQwOCUyMTJ6dzRkaGNzV2Z4TEVnVFdGb1lXeHNaWE5wTENCRmMydHBJRWpEdkd2RHZHMWxkQ0JUYXk0c0lEUTROREF3SUVKdlpISjFiUzlOZGNTZmJHRSUyMTVlMCUyMTNtMiUyMTFzZW4lMjEyc3RyJTIxNHYxNTI5NTAzNTczNDIyJTIyJTIwd2lkdGglM0QlMjI2MDAlMjIlMjBoZWlnaHQlM0QlMjI0NTAlMjIlMjBmcmFtZWJvcmRlciUzRCUyMjAlMjIlMjBzdHlsZSUzRCUyMmJvcmRlciUzQTAlMjIlMjBhbGxvd2Z1bGxzY3JlZW4lM0UlM0MlMkZpZnJhbWUlM0U=&#8221;][\/vc_column][\/vc_row]<\/p>\n","protected":false},"author":2,"featured_media":0,"parent":0,"menu_order":0,"comment_status":"closed","ping_status":"closed","template":"","meta":[],"_links":{"self":[{"href":"https:\/\/www.sidident.com\/tr\/wp-json\/wp\/v2\/pages\/337"}],"collection":[{"href":"https:\/\/www.sidident.com\/tr\/wp-json\/wp\/v2\/pages"}],"about":[{"href":"https:\/\/www.sidident.com\/tr\/wp-json\/wp\/v2\/types\/page"}],"author":[{"embeddable":true,"href":"https:\/\/www.sidident.com\/tr\/wp-json\/wp\/v2\/users\/2"}],"replies":[{"embeddable":true,"href":"https:\/\/www.sidident.com\/tr\/wp-json\/wp\/v2\/comments?post=337"}],"version-history":[{"count":13,"href":"https:\/\/www.sidident.com\/tr\/wp-json\/wp\/v2\/pages\/337\/revisions"}],"predecessor-version":[{"id":1023,"href":"https:\/\/www.sidident.com\/tr\/wp-json\/wp\/v2\/pages\/337\/revisions\/1023"}],"wp:attachment":[{"href":"https:\/\/www.sidident.com\/tr\/wp-json\/wp\/v2\/media?parent=337"}],"curies":[{"name":"wp","href":"https:\/\/api.w.org\/{rel}","templated":true}]}}