{"id":230,"date":"2018-06-17T14:32:40","date_gmt":"2018-06-17T11:32:40","guid":{"rendered":"http:\/\/www.sidident.com\/?page_id=230"},"modified":"2022-01-30T20:18:49","modified_gmt":"2022-01-30T17:18:49","slug":"ana-sayfa","status":"publish","type":"page","link":"https:\/\/www.sidident.com\/tr\/","title":{"rendered":"Ana Sayfa"},"content":{"rendered":"[vc_row][vc_column][vc_column_text]\n<h2 class=\"ana-baslik\"><strong>SidiDent Di\u015f Klini\u011fi&#8217;ne Ho\u015f Geldiniz.<\/strong><\/h2>\n<p>Di\u015f klini\u011fimiz, turizmin incisi Bodrum\u2019un merkezinde olup, her ya\u015f gurubundaki ki\u015filere a\u011f\u0131rl\u0131kl\u0131 olarak estetik di\u015f hekimli\u011fi, implantoloji restoratif ve genel di\u015f hekimli\u011fi konular\u0131nda hizmet vermektedir. Hastalar\u0131m\u0131z\u0131n sa\u011fl\u0131\u011f\u0131n\u0131 ve gereksinimlerini her zaman \u00f6n planda tutan yakla\u015f\u0131m\u0131m\u0131zla, 30 y\u0131l\u0131 a\u015fk\u0131n tecr\u00fcbe ve birikimimizi sizlerle payla\u015fmak i\u00e7in sizi klini\u011fimize bekliyoruz.<\/p>\n<p><strong>Di\u015f Hekimi R\u0131fat Sidi<\/strong>[\/vc_column_text][\/vc_column][\/vc_row]\n","protected":false},"excerpt":{"rendered":"<p>[vc_row][vc_column][vc_column_text] SidiDent Di\u015f Klini\u011fi&#8217;ne Ho\u015f Geldiniz. Di\u015f klini\u011fimiz, turizmin incisi Bodrum\u2019un merkezinde olup, her ya\u015f gurubundaki ki\u015filere a\u011f\u0131rl\u0131kl\u0131 olarak estetik di\u015f hekimli\u011fi, implantoloji restoratif ve genel di\u015f hekimli\u011fi konular\u0131nda hizmet vermektedir. Hastalar\u0131m\u0131z\u0131n sa\u011fl\u0131\u011f\u0131n\u0131 ve gereksinimlerini her zaman \u00f6n planda tutan&hellip;<\/p>\n","protected":false},"author":2,"featured_media":0,"parent":0,"menu_order":0,"comment_status":"closed","ping_status":"closed","template":"","meta":[],"_links":{"self":[{"href":"https:\/\/www.sidident.com\/tr\/wp-json\/wp\/v2\/pages\/230"}],"collection":[{"href":"https:\/\/www.sidident.com\/tr\/wp-json\/wp\/v2\/pages"}],"about":[{"href":"https:\/\/www.sidident.com\/tr\/wp-json\/wp\/v2\/types\/page"}],"author":[{"embeddable":true,"href":"https:\/\/www.sidident.com\/tr\/wp-json\/wp\/v2\/users\/2"}],"replies":[{"embeddable":true,"href":"https:\/\/www.sidident.com\/tr\/wp-json\/wp\/v2\/comments?post=230"}],"version-history":[{"count":21,"href":"https:\/\/www.sidident.com\/tr\/wp-json\/wp\/v2\/pages\/230\/revisions"}],"predecessor-version":[{"id":828,"href":"https:\/\/www.sidident.com\/tr\/wp-json\/wp\/v2\/pages\/230\/revisions\/828"}],"wp:attachment":[{"href":"https:\/\/www.sidident.com\/tr\/wp-json\/wp\/v2\/media?parent=230"}],"curies":[{"name":"wp","href":"https:\/\/api.w.org\/{rel}","templated":true}]}}