{"id":347,"date":"2018-06-17T15:58:54","date_gmt":"2018-06-17T12:58:54","guid":{"rendered":"http:\/\/www.sidident.com\/?page_id=347"},"modified":"2022-02-05T17:11:28","modified_gmt":"2022-02-05T14:11:28","slug":"our-clinic-zahnarzt-bodrum","status":"publish","type":"page","link":"https:\/\/www.sidident.com\/en\/our-clinic-zahnarzt-bodrum\/","title":{"rendered":"Our Clinic"},"content":{"rendered":"[vc_row][vc_column][vc_column_text]As SidiDent, we are at your service in our clinic in Bodrum, Turkey with our knowledge and experience of more than 30 years. We always\u00a0 offer you the most suitable treatment options by keeping your health and aesthetic needs at the forefront.[\/vc_column_text][vc_column_text]\n<h2>Dr. Rifat Sidi<\/h2>\n<div>\n<p><img decoding=\"async\" loading=\"lazy\" class=\"alignleft\" src=\"http:\/\/www.sidident.com\/dentist-in-bodrum-site-images\/rifatsidi.jpg\" width=\"141\" height=\"140\" \/><\/p>\n<p>I was born in 1966 in Istanbul. Following <strong>Austrian High School<\/strong> (Sankt George \u00d6sterreichishes Realgymnasium), I graduated from <strong>Istanbul University Faculty of Dentistry<\/strong> in 1990. Afterwards, I continued my education at <strong>New York University Dental School<\/strong>. Between 1992-1994, I worked intensively on implantology, restorative and prosthetic dentistry at Atilla Denizalp Implant Institute. Between 1994-2001, I served my patients in my clinic in Ni\u015fanta\u015f\u0131, Istanbul. From 2001 to 2004, I worked as a principal dentist in Bodrum Medicare Clinic. Since 2004, I have been working in my own clinic in Bodrum, mainly in the fields of aesthetic and restorative dentistry, implantology and general dentistry.<\/p>\n<\/div>\n[\/vc_column_text][\/vc_column][\/vc_row][vc_row][vc_column][vc_column_text]\n<h2>Where Are We?<\/h2>\n<p>Our clinic is located in the center or <a href=\"https:\/\/en.m.wikipedia.org\/wiki\/Bodrum\" target=\"_blank\" rel=\"noopener noreferrer\">Bodrum<\/a>, the cozy, historical mediterranean town which is one of the most popular vacation hotspots of Turkey. Bodrum, (also called Halicarnassus of Caria), is an ancient Greek town and it hosts one of the seven wonders of the ancient world, the Mausoleum of Halicarnassus, among with it\u2019s sunny beaches, blue, glittering waters and many other attractions.[\/vc_column_text][\/vc_column][\/vc_row]\n","protected":false},"excerpt":{"rendered":"<p>[vc_row][vc_column][vc_column_text]As SidiDent, we are at your service in our clinic in Bodrum, Turkey with our knowledge and experience of more than 30 years. We always\u00a0 offer you the most suitable treatment options by keeping your health and aesthetic needs at&hellip;<\/p>\n","protected":false},"author":2,"featured_media":0,"parent":0,"menu_order":0,"comment_status":"closed","ping_status":"closed","template":"","meta":[],"_links":{"self":[{"href":"https:\/\/www.sidident.com\/en\/wp-json\/wp\/v2\/pages\/347"}],"collection":[{"href":"https:\/\/www.sidident.com\/en\/wp-json\/wp\/v2\/pages"}],"about":[{"href":"https:\/\/www.sidident.com\/en\/wp-json\/wp\/v2\/types\/page"}],"author":[{"embeddable":true,"href":"https:\/\/www.sidident.com\/en\/wp-json\/wp\/v2\/users\/2"}],"replies":[{"embeddable":true,"href":"https:\/\/www.sidident.com\/en\/wp-json\/wp\/v2\/comments?post=347"}],"version-history":[{"count":15,"href":"https:\/\/www.sidident.com\/en\/wp-json\/wp\/v2\/pages\/347\/revisions"}],"predecessor-version":[{"id":961,"href":"https:\/\/www.sidident.com\/en\/wp-json\/wp\/v2\/pages\/347\/revisions\/961"}],"wp:attachment":[{"href":"https:\/\/www.sidident.com\/en\/wp-json\/wp\/v2\/media?parent=347"}],"curies":[{"name":"wp","href":"https:\/\/api.w.org\/{rel}","templated":true}]}}