{"id":921,"date":"2022-02-01T13:32:22","date_gmt":"2022-02-01T10:32:22","guid":{"rendered":"https:\/\/www.sidident.com\/?page_id=921"},"modified":"2022-02-01T14:19:08","modified_gmt":"2022-02-01T11:19:08","slug":"online-termin","status":"publish","type":"page","link":"https:\/\/www.sidident.com\/de\/online-termin\/","title":{"rendered":"Online-Termin"},"content":{"rendered":"[vc_row][vc_column][vc_column_text]Bitte kontaktieren Sie uns \u00fcber Whatsapp oder f\u00fcllen Sie unser Terminformular aus. Wir werden uns so schnell wie m\u00f6glich mit Ihnen in Verbindung setzen, um einen kostenlosen Online-Beratungstermin zu vereinbaren. Um Ihnen den besten Behandlungsplan und den besten Kostenvoranschlag zu unterbreiten, teilen Sie uns bitte vor dem Termin Ihre aktuellen Panorama-R\u00f6ntgen- und Intraoralfotos mit.[\/vc_column_text][\/vc_column][\/vc_row][vc_row][vc_column][vc_separator][\/vc_column][\/vc_row][vc_row][vc_column]<div role=\"form\" class=\"wpcf7\" id=\"wpcf7-f904-o1\" lang=\"tr-TR\" dir=\"ltr\">\n<div class=\"screen-reader-response\"><\/div>\n<form action=\"\/de\/wp-json\/wp\/v2\/pages\/921#wpcf7-f904-o1\" method=\"post\" class=\"wpcf7-form\" enctype=\"multipart\/form-data\" novalidate=\"novalidate\">\n<div style=\"display: none;\">\n<input type=\"hidden\" name=\"_wpcf7\" value=\"904\" \/>\n<input type=\"hidden\" name=\"_wpcf7_version\" value=\"5.1.4\" \/>\n<input type=\"hidden\" name=\"_wpcf7_locale\" value=\"tr_TR\" \/>\n<input type=\"hidden\" name=\"_wpcf7_unit_tag\" value=\"wpcf7-f904-o1\" \/>\n<input type=\"hidden\" name=\"_wpcf7_container_post\" value=\"0\" \/>\n<input type=\"hidden\" name=\"g-recaptcha-response\" value=\"\" \/>\n<\/div>\n<p><label>Herr \/ Frau (*)<br \/>\n    <span class=\"wpcf7-form-control-wrap menu-478\"><select name=\"menu-478\" class=\"wpcf7-form-control wpcf7-select wpcf7-validates-as-required\" aria-required=\"true\" aria-invalid=\"false\"><option value=\"\">---<\/option><option value=\"Herr.\">Herr.<\/option><option value=\"Frau\">Frau<\/option><\/select><\/span><br \/>\n<\/label><br \/>\n<label> Vorname und Nachname (*)<br \/>\n    <span class=\"wpcf7-form-control-wrap your-name\"><input type=\"text\" name=\"your-name\" value=\"\" size=\"40\" class=\"wpcf7-form-control wpcf7-text wpcf7-validates-as-required\" aria-required=\"true\" aria-invalid=\"false\" \/><\/span> <\/label><\/p>\n<p><label> E-mail (*)<br \/>\n    <span class=\"wpcf7-form-control-wrap your-email\"><input type=\"email\" name=\"your-email\" value=\"\" size=\"40\" class=\"wpcf7-form-control wpcf7-text wpcf7-email wpcf7-validates-as-required wpcf7-validates-as-email\" aria-required=\"true\" aria-invalid=\"false\" \/><\/span> <\/label><\/p>\n<p><label> Telefon (*)<br \/>\n    <span class=\"wpcf7-form-control-wrap your-tel\"><input type=\"tel\" name=\"your-tel\" value=\"\" size=\"40\" class=\"wpcf7-form-control wpcf7-text wpcf7-tel wpcf7-validates-as-required wpcf7-validates-as-tel\" aria-required=\"true\" aria-invalid=\"false\" \/><\/span> <\/label><\/p>\n<p><label> Ihre Nachricht<br \/>\n    <span class=\"wpcf7-form-control-wrap your-message\"><textarea name=\"your-message\" cols=\"40\" rows=\"10\" class=\"wpcf7-form-control wpcf7-textarea\" aria-invalid=\"false\"><\/textarea><\/span> <\/label><\/p>\n<p><label> R\u00f6ntgen \/ Foto<br \/>\n    <span class=\"wpcf7-form-control-wrap file-355\"><input type=\"file\" name=\"file-355\" size=\"40\" class=\"wpcf7-form-control wpcf7-file\" accept=\".jpg,.jpeg,.png,.gif,.pdf,.doc,.docx,.ppt,.pptx,.odt,.avi,.ogg,.m4a,.mov,.mp3,.mp4,.mpg,.wav,.wmv\" aria-invalid=\"false\" \/><\/span> <\/label><\/p>\n<p><input type=\"submit\" value=\"Absenden\" class=\"wpcf7-form-control wpcf7-submit\" \/><\/p>\n<div class=\"wpcf7-response-output wpcf7-display-none\"><\/div><\/form><\/div>[\/vc_column][\/vc_row]\n","protected":false},"excerpt":{"rendered":"<p>[vc_row][vc_column][vc_column_text]Bitte kontaktieren Sie uns \u00fcber Whatsapp oder f\u00fcllen Sie unser Terminformular aus. Wir werden uns so schnell wie m\u00f6glich mit Ihnen in Verbindung setzen, um einen kostenlosen Online-Beratungstermin zu vereinbaren. Um Ihnen den besten Behandlungsplan und den besten Kostenvoranschlag zu&hellip;<\/p>\n","protected":false},"author":2,"featured_media":0,"parent":0,"menu_order":0,"comment_status":"closed","ping_status":"closed","template":"","meta":[],"_links":{"self":[{"href":"https:\/\/www.sidident.com\/de\/wp-json\/wp\/v2\/pages\/921"}],"collection":[{"href":"https:\/\/www.sidident.com\/de\/wp-json\/wp\/v2\/pages"}],"about":[{"href":"https:\/\/www.sidident.com\/de\/wp-json\/wp\/v2\/types\/page"}],"author":[{"embeddable":true,"href":"https:\/\/www.sidident.com\/de\/wp-json\/wp\/v2\/users\/2"}],"replies":[{"embeddable":true,"href":"https:\/\/www.sidident.com\/de\/wp-json\/wp\/v2\/comments?post=921"}],"version-history":[{"count":4,"href":"https:\/\/www.sidident.com\/de\/wp-json\/wp\/v2\/pages\/921\/revisions"}],"predecessor-version":[{"id":929,"href":"https:\/\/www.sidident.com\/de\/wp-json\/wp\/v2\/pages\/921\/revisions\/929"}],"wp:attachment":[{"href":"https:\/\/www.sidident.com\/de\/wp-json\/wp\/v2\/media?parent=921"}],"curies":[{"name":"wp","href":"https:\/\/api.w.org\/{rel}","templated":true}]}}