{"id":911,"date":"2022-02-01T12:34:03","date_gmt":"2022-02-01T09:34:03","guid":{"rendered":"https:\/\/www.sidident.com\/?page_id=911"},"modified":"2022-02-02T10:02:12","modified_gmt":"2022-02-02T07:02:12","slug":"leistungen","status":"publish","type":"page","link":"https:\/\/www.sidident.com\/de\/leistungen\/","title":{"rendered":"Leistungen"},"content":{"rendered":"[vc_row][vc_column width=&#8220;1\/3&#8243;]<div class=\"vcex-module vcex-feature-box clr sidident-box left-image-right-content\" style=\"border:1;\"><div class=\"vcex-feature-box-media clr\" style=\"width:15%;\"><div class=\"vcex-feature-box-image\" ><img width=\"512\" height=\"512\" src=\"https:\/\/www.sidident.com\/wp-content\/uploads\/2022\/01\/implantlar.png\" class=\"attachment-full size-full\" alt=\"\" decoding=\"async\" loading=\"lazy\" srcset=\"https:\/\/www.sidident.com\/wp-content\/uploads\/2022\/01\/implantlar.png 512w, https:\/\/www.sidident.com\/wp-content\/uploads\/2022\/01\/implantlar-150x150.png 150w, https:\/\/www.sidident.com\/wp-content\/uploads\/2022\/01\/implantlar-300x300.png 300w\" sizes=\"(max-width: 512px) 100vw, 512px\" \/><\/div><\/div><div class=\"vcex-feature-box-content clr\" style=\"width:85%;\"><div class=\"vcex-feature-box-heading\" style=\"color:#00b7ed;font-weight:600;\">\u0130mplantate<\/div><div class=\"vcex-feature-box-text clr\"><p>Ein Zahnimplantat ist eine festsitzende L\u00f6sung f\u00fcr einen oder mehrere fehlende Z\u00e4hne, die L\u00fccken f\u00fcllt, ohne die Nachbarz\u00e4hne beschleifen zu m\u00fcssen, und kann Ihnen dabei helfen, Ihr L\u00e4cheln und Ihre Lebensqualit\u00e4t wiederherzustellen.<\/p>\n<\/div><\/div><\/div>[\/vc_column][vc_column width=&#8220;1\/3&#8243;]<div class=\"vcex-module vcex-feature-box clr sidident-box left-image-right-content\" style=\"border:1;\"><div class=\"vcex-feature-box-media clr\" style=\"width:15%;\"><div class=\"vcex-feature-box-image\" ><img width=\"512\" height=\"512\" src=\"https:\/\/www.sidident.com\/wp-content\/uploads\/2022\/01\/beyazlatma-m.png\" class=\"attachment-full size-full\" alt=\"\" decoding=\"async\" loading=\"lazy\" srcset=\"https:\/\/www.sidident.com\/wp-content\/uploads\/2022\/01\/beyazlatma-m.png 512w, https:\/\/www.sidident.com\/wp-content\/uploads\/2022\/01\/beyazlatma-m-150x150.png 150w, https:\/\/www.sidident.com\/wp-content\/uploads\/2022\/01\/beyazlatma-m-300x300.png 300w\" sizes=\"(max-width: 512px) 100vw, 512px\" \/><\/div><\/div><div class=\"vcex-feature-box-content clr\" style=\"width:85%;\"><div class=\"vcex-feature-box-heading\" style=\"color:#00b7ed;font-weight:600;\">Zahnaufhellung (Bleaching)<\/div><div class=\"vcex-feature-box-text clr\"><p>Tiefe Verf\u00e4rbungen, die zahnhygienisch nicht entfernt werden k\u00f6nnen, lassen sich mit Bleaching problemlos aufhellen und der urspr\u00fcngliche Wei\u00dfton in k\u00fcrzester Zeit problemlos wiederherstellen.<\/p>\n<\/div><\/div><\/div>[\/vc_column][vc_column width=&#8220;1\/3&#8243;]<div class=\"vcex-module vcex-feature-box clr sidident-box left-image-right-content\" style=\"border:1;\"><div class=\"vcex-feature-box-media clr\" style=\"width:15%;\"><div class=\"vcex-feature-box-image\" ><img width=\"512\" height=\"512\" src=\"https:\/\/www.sidident.com\/wp-content\/uploads\/2022\/01\/gulus-m.png\" class=\"attachment-full size-full\" alt=\"\" decoding=\"async\" loading=\"lazy\" srcset=\"https:\/\/www.sidident.com\/wp-content\/uploads\/2022\/01\/gulus-m.png 512w, https:\/\/www.sidident.com\/wp-content\/uploads\/2022\/01\/gulus-m-150x150.png 150w, https:\/\/www.sidident.com\/wp-content\/uploads\/2022\/01\/gulus-m-300x300.png 300w\" sizes=\"(max-width: 512px) 100vw, 512px\" \/><\/div><\/div><div class=\"vcex-feature-box-content clr\" style=\"width:85%;\"><div class=\"vcex-feature-box-heading\" style=\"color:#00b7ed;font-weight:600;\">Smile Design Konzept<\/div><div class=\"vcex-feature-box-text clr\"><p>Eine Transformation des L\u00e4chelns kann Ihr Gesamterscheinungsbild verbessern und Ihr Selbstvertrauen st\u00e4rken. Auch als Smile Makeover bezeichnet, dieses Konzept kombiniert eine Transformation mehrerer\u00a0kosmetischer Verfahren\u00a0in einee umfassende Behandlung. Die Forschung zeigt, dass L\u00e4cheln Stress reduziert, zu einem besseren Selbstwertgef\u00fchl f\u00fchrt und Menschen attraktiver aussehen l\u00e4sst. Lassen Sie uns Ihr L\u00e4cheln gestalten&#8230;<\/p>\n<\/div><\/div><\/div>[\/vc_column][\/vc_row][vc_row][vc_column width=&#8220;1\/3&#8243;]<div class=\"vcex-module vcex-feature-box clr sidident-box left-image-right-content\" style=\"border:1;\"><div class=\"vcex-feature-box-media clr\" style=\"width:15%;\"><div class=\"vcex-feature-box-image\" ><img width=\"512\" height=\"512\" src=\"https:\/\/www.sidident.com\/wp-content\/uploads\/2022\/01\/dental-porselen.png\" class=\"attachment-full size-full\" alt=\"\" decoding=\"async\" loading=\"lazy\" srcset=\"https:\/\/www.sidident.com\/wp-content\/uploads\/2022\/01\/dental-porselen.png 512w, https:\/\/www.sidident.com\/wp-content\/uploads\/2022\/01\/dental-porselen-150x150.png 150w, https:\/\/www.sidident.com\/wp-content\/uploads\/2022\/01\/dental-porselen-300x300.png 300w\" sizes=\"(max-width: 512px) 100vw, 512px\" \/><\/div><\/div><div class=\"vcex-feature-box-content clr\" style=\"width:85%;\"><div class=\"vcex-feature-box-heading\" style=\"color:#00b7ed;font-weight:600;\">Keramik Kronen und Br\u00fccken<\/div><div class=\"vcex-feature-box-text clr\"><p>Eine weitere gro\u00dfartige Option f\u00fcr k\u00fcnstliche Z\u00e4hne ist eine Zahnkeramikkrone oder -br\u00fccke. Keramikkronen und -br\u00fccken\u00a0sind Arten von Prothesen, die zur St\u00e4rkung oder zum Ersatz besch\u00e4digter Z\u00e4hne verwendet werden. Eine Porzellankrone ist eine Kappe, die verwendet wird, um einen besch\u00e4digten Zahn abzudecken und zu st\u00e4rken, w\u00e4hrend eine Porzellanbr\u00fccke verwendet wird, um L\u00fccken zu f\u00fcllen, die durch fehlende Z\u00e4hne verursacht wurden.<\/p>\n<\/div><\/div><\/div>[\/vc_column][vc_column width=&#8220;1\/3&#8243;]<div class=\"vcex-module vcex-feature-box clr sidident-box left-image-right-content\" style=\"border:1;\"><div class=\"vcex-feature-box-media clr\" style=\"width:15%;\"><div class=\"vcex-feature-box-image\" ><img width=\"512\" height=\"512\" src=\"https:\/\/www.sidident.com\/wp-content\/uploads\/2022\/01\/kuron-zirkon-2.png\" class=\"attachment-full size-full\" alt=\"\" decoding=\"async\" loading=\"lazy\" srcset=\"https:\/\/www.sidident.com\/wp-content\/uploads\/2022\/01\/kuron-zirkon-2.png 512w, https:\/\/www.sidident.com\/wp-content\/uploads\/2022\/01\/kuron-zirkon-2-150x150.png 150w, https:\/\/www.sidident.com\/wp-content\/uploads\/2022\/01\/kuron-zirkon-2-300x300.png 300w\" sizes=\"(max-width: 512px) 100vw, 512px\" \/><\/div><\/div><div class=\"vcex-feature-box-content clr\" style=\"width:85%;\"><div class=\"vcex-feature-box-heading\" style=\"color:#00b7ed;font-weight:600;\">Zirkonoxid (ZirkoniumIV-oxid) Kronen-Br\u00fccken<\/div><div class=\"vcex-feature-box-text clr\"><p>Zirkonium-Zahnkronen haben viele Anwendungen in der restaurativen und kosmetischen Zahnheilkunde. Sie k\u00f6nnen verwendet werden, um einen rissigen oder gebrochenen Zahn zu verst\u00e4rken, einen stark verschmutzten oder deformierten Zahn zu maskieren oder ein Zahnimplantat wiederherzustellen. Dank ihrer \u00fcberragenden Festigkeit und Haltbarkeit wird diese Art von Kappen immer beliebter.<\/p>\n<\/div><\/div><\/div>[\/vc_column][vc_column width=&#8220;1\/3&#8243;]<div class=\"vcex-module vcex-feature-box clr sidident-box left-image-right-content\" style=\"border:1;\"><div class=\"vcex-feature-box-media clr\" style=\"width:15%;\"><div class=\"vcex-feature-box-image\" ><img width=\"512\" height=\"512\" src=\"https:\/\/www.sidident.com\/wp-content\/uploads\/2022\/01\/veneer-m.png\" class=\"attachment-full size-full\" alt=\"\" decoding=\"async\" loading=\"lazy\" srcset=\"https:\/\/www.sidident.com\/wp-content\/uploads\/2022\/01\/veneer-m.png 512w, https:\/\/www.sidident.com\/wp-content\/uploads\/2022\/01\/veneer-m-150x150.png 150w, https:\/\/www.sidident.com\/wp-content\/uploads\/2022\/01\/veneer-m-300x300.png 300w\" sizes=\"(max-width: 512px) 100vw, 512px\" \/><\/div><\/div><div class=\"vcex-feature-box-content clr\" style=\"width:85%;\"><div class=\"vcex-feature-box-heading\" style=\"color:#00b7ed;font-weight:600;\">Verblendkeramik shalen (KeramikVeneers)<\/div><div class=\"vcex-feature-box-text clr\"><p>Keramikveneers sind sehr d\u00fcnne VerblendSchalen, die auf den Zahn mit einem Adhesiv geklebt werden. Die d\u00fcnnen Schalen bedecken die Vorderseiten der Z\u00e4hne und verwandeln Ihr L\u00e4cheln buchst\u00e4blich. Sie k\u00f6nnen kosmetische Probleme kaschieren oder die Gr\u00f6\u00dfe und Form Ihrer Z\u00e4hne verbessern. Die Behandlung ist sehr individuell. Fortschritte in der Zahnheilkunde erm\u00f6glichen es, die Schalen so d\u00fcnn zu machen, dass sie platziert werden k\u00f6nnen, ohne dass der Zahnschmelz entfernt werden muss. Die Veneers, insbesondere Porzellan-Veneers, sind ebenfalls sehr stark.<\/p>\n<\/div><\/div><\/div>[\/vc_column][\/vc_row][vc_row][vc_column width=&#8220;1\/3&#8243;]<div class=\"vcex-module vcex-feature-box clr sidident-box left-image-right-content\" style=\"border:1;\"><div class=\"vcex-feature-box-media clr\" style=\"width:15%;\"><div class=\"vcex-feature-box-image\" ><img width=\"512\" height=\"512\" src=\"https:\/\/www.sidident.com\/wp-content\/uploads\/2022\/01\/protez.png\" class=\"attachment-full size-full\" alt=\"\" decoding=\"async\" loading=\"lazy\" srcset=\"https:\/\/www.sidident.com\/wp-content\/uploads\/2022\/01\/protez.png 512w, https:\/\/www.sidident.com\/wp-content\/uploads\/2022\/01\/protez-150x150.png 150w, https:\/\/www.sidident.com\/wp-content\/uploads\/2022\/01\/protez-300x300.png 300w\" sizes=\"(max-width: 512px) 100vw, 512px\" \/><\/div><\/div><div class=\"vcex-feature-box-content clr\" style=\"width:85%;\"><div class=\"vcex-feature-box-heading\" style=\"color:#00b7ed;font-weight:600;\">Herausnehmbarer Zahnersatz (Total-Partiel Prothesen)<\/div><div class=\"vcex-feature-box-text clr\"><p>DieTotal oder Teilprothese ist ein herausnehmbarer Ersatz f\u00fcr fehlende Z\u00e4hne. Im Allgemeinen aus Acryl hergestellt. Manchmal werden auch Porzellan und Metall verwendet. Vollprothesen werden verwendet, wenn einer Person alle nat\u00fcrlichen Z\u00e4hne fehlen, w\u00e4hrend Teilprothesen nur hier oder da ein paar fehlende Z\u00e4hne ersetzen, um L\u00fccken zu schlie\u00dfen und das Kauen zu verbessern. Die Zahnersatzbehandlung wird individuell auf jeden Patienten abgestimmt. Eine Prothese kann Ihr Aussehen verbessern und Ihnen dabei helfen, wieder richtig zu kauen und gut zu sprechen.<\/p>\n<\/div><\/div><\/div>[\/vc_column][vc_column width=&#8220;1\/3&#8243;]<div class=\"vcex-module vcex-feature-box clr sidident-box left-image-right-content\" style=\"border:1;\"><div class=\"vcex-feature-box-media clr\" style=\"width:15%;\"><div class=\"vcex-feature-box-image\" ><img width=\"512\" height=\"512\" src=\"https:\/\/www.sidident.com\/wp-content\/uploads\/2022\/01\/kanal-m.png\" class=\"attachment-full size-full\" alt=\"\" decoding=\"async\" loading=\"lazy\" srcset=\"https:\/\/www.sidident.com\/wp-content\/uploads\/2022\/01\/kanal-m.png 512w, https:\/\/www.sidident.com\/wp-content\/uploads\/2022\/01\/kanal-m-150x150.png 150w, https:\/\/www.sidident.com\/wp-content\/uploads\/2022\/01\/kanal-m-300x300.png 300w\" sizes=\"(max-width: 512px) 100vw, 512px\" \/><\/div><\/div><div class=\"vcex-feature-box-content clr\" style=\"width:85%;\"><div class=\"vcex-feature-box-heading\" style=\"color:#00b7ed;font-weight:600;\">Wurzelkanalbehandlung<\/div><div class=\"vcex-feature-box-text clr\"><p>Wenn Ihr Zahn stark kari\u00f6s ist, ben\u00f6tigen Sie m\u00f6glicherweise eine Wurzelkanalbehandlung, um die Infektion zu entfernen und die Gesundheit und Integrit\u00e4t des Zahns wiederherzustellen. Eine Wurzelkanalbehandlung ist notwendig, um diese Gewebe zu entfernen, wenn sie infiziert werden, und den Wurzelkanal zu versiegeln, damit sich die Karies nicht \u00fcber den Zahn hinaus ausbreitet.<\/p>\n<\/div><\/div><\/div>[\/vc_column][vc_column width=&#8220;1\/3&#8243;]<div class=\"vcex-module vcex-feature-box clr sidident-box left-image-right-content\" style=\"border:1;\"><div class=\"vcex-feature-box-media clr\" style=\"width:15%;\"><div class=\"vcex-feature-box-image\" ><img width=\"512\" height=\"512\" src=\"https:\/\/www.sidident.com\/wp-content\/uploads\/2022\/01\/dolgu-m.png\" class=\"attachment-full size-full\" alt=\"\" decoding=\"async\" loading=\"lazy\" srcset=\"https:\/\/www.sidident.com\/wp-content\/uploads\/2022\/01\/dolgu-m.png 512w, https:\/\/www.sidident.com\/wp-content\/uploads\/2022\/01\/dolgu-m-150x150.png 150w, https:\/\/www.sidident.com\/wp-content\/uploads\/2022\/01\/dolgu-m-300x300.png 300w, https:\/\/www.sidident.com\/wp-content\/uploads\/2022\/01\/dolgu-m-50x50.png 50w, https:\/\/www.sidident.com\/wp-content\/uploads\/2022\/01\/dolgu-m-60x60.png 60w\" sizes=\"(max-width: 512px) 100vw, 512px\" \/><\/div><\/div><div class=\"vcex-feature-box-content clr\" style=\"width:85%;\"><div class=\"vcex-feature-box-heading\" style=\"color:#00b7ed;font-weight:600;\">Keramik \u0130nlay-onlay F\u00fcllungen<\/div><div class=\"vcex-feature-box-text clr\"><p>Im Gegensatz zu Kronen, die vor dem Einsetzen eine erhebliche Zahnreduktion erfordern,<\/p>\n<p>Ein Porzellan-Inlay oder -Onlay ist ein konservativerer Ansatz. Es handelt sich um ma\u00dfgefertigte F\u00fcllungen aus Porzellan, die von einem professionellen Dentallabor hergestellt und von Ihrem Zahnarzt dauerhaft auf den Zahn zementiert werden. Onlays sind im Wesentlichen identisch mit Inlays, mit der Ausnahme, dass ein oder mehrere Kauh\u00f6cker ebenfalls betroffen sind und in die Restauration einbezogen werden m\u00fcssen. Onlays werden manchmal Teilkronen genannt.<\/p>\n<\/div><\/div><\/div>[\/vc_column][\/vc_row][vc_row][vc_column][vc_column_text]\n<h2>Kontaktieren Sie uns f\u00fcr einen kostenlosen Online-Beratungstermin<\/h2>\n[\/vc_column_text]<div class=\"vcex-spacing\" style=\"height:30px\"><\/div>[vc_column_text]Bitte kontaktieren Sie uns \u00fcber Whatsapp oder f\u00fcllen Sie unser Terminformular aus. Wir werden uns so schnell wie m\u00f6glich mit Ihnen in Verbindung setzen, um einen kostenlosen Online-Beratungstermin zu vereinbaren. Um Ihnen den besten Behandlungsplan und den besten Kostenvoranschlag zu unterbreiten, teilen Sie uns bitte vor dem Termin Ihre aktuellen Panorama-R\u00f6ntgen- und Intraoralfotos mit.[\/vc_column_text][\/vc_column][\/vc_row][vc_row][vc_column][vc_separator][\/vc_column][\/vc_row][vc_row][vc_column]<div role=\"form\" class=\"wpcf7\" id=\"wpcf7-f904-o1\" lang=\"tr-TR\" dir=\"ltr\">\n<div class=\"screen-reader-response\"><\/div>\n<form action=\"\/de\/wp-json\/wp\/v2\/pages\/911#wpcf7-f904-o1\" method=\"post\" class=\"wpcf7-form\" enctype=\"multipart\/form-data\" novalidate=\"novalidate\">\n<div style=\"display: none;\">\n<input type=\"hidden\" name=\"_wpcf7\" value=\"904\" \/>\n<input type=\"hidden\" name=\"_wpcf7_version\" value=\"5.1.4\" \/>\n<input type=\"hidden\" name=\"_wpcf7_locale\" value=\"tr_TR\" \/>\n<input type=\"hidden\" name=\"_wpcf7_unit_tag\" value=\"wpcf7-f904-o1\" \/>\n<input type=\"hidden\" name=\"_wpcf7_container_post\" value=\"0\" \/>\n<input type=\"hidden\" name=\"g-recaptcha-response\" value=\"\" \/>\n<\/div>\n<p><label>Herr \/ Frau (*)<br \/>\n    <span class=\"wpcf7-form-control-wrap menu-478\"><select name=\"menu-478\" class=\"wpcf7-form-control wpcf7-select wpcf7-validates-as-required\" aria-required=\"true\" aria-invalid=\"false\"><option value=\"\">---<\/option><option value=\"Herr.\">Herr.<\/option><option value=\"Frau\">Frau<\/option><\/select><\/span><br \/>\n<\/label><br \/>\n<label> Vorname und Nachname (*)<br \/>\n    <span class=\"wpcf7-form-control-wrap your-name\"><input type=\"text\" name=\"your-name\" value=\"\" size=\"40\" class=\"wpcf7-form-control wpcf7-text wpcf7-validates-as-required\" aria-required=\"true\" aria-invalid=\"false\" \/><\/span> <\/label><\/p>\n<p><label> E-mail (*)<br \/>\n    <span class=\"wpcf7-form-control-wrap your-email\"><input type=\"email\" name=\"your-email\" value=\"\" size=\"40\" class=\"wpcf7-form-control wpcf7-text wpcf7-email wpcf7-validates-as-required wpcf7-validates-as-email\" aria-required=\"true\" aria-invalid=\"false\" \/><\/span> <\/label><\/p>\n<p><label> Telefon (*)<br \/>\n    <span class=\"wpcf7-form-control-wrap your-tel\"><input type=\"tel\" name=\"your-tel\" value=\"\" size=\"40\" class=\"wpcf7-form-control wpcf7-text wpcf7-tel wpcf7-validates-as-required wpcf7-validates-as-tel\" aria-required=\"true\" aria-invalid=\"false\" \/><\/span> <\/label><\/p>\n<p><label> Ihre Nachricht<br \/>\n    <span class=\"wpcf7-form-control-wrap your-message\"><textarea name=\"your-message\" cols=\"40\" rows=\"10\" class=\"wpcf7-form-control wpcf7-textarea\" aria-invalid=\"false\"><\/textarea><\/span> <\/label><\/p>\n<p><label> R\u00f6ntgen \/ Foto<br \/>\n    <span class=\"wpcf7-form-control-wrap file-355\"><input type=\"file\" name=\"file-355\" size=\"40\" class=\"wpcf7-form-control wpcf7-file\" accept=\".jpg,.jpeg,.png,.gif,.pdf,.doc,.docx,.ppt,.pptx,.odt,.avi,.ogg,.m4a,.mov,.mp3,.mp4,.mpg,.wav,.wmv\" aria-invalid=\"false\" \/><\/span> <\/label><\/p>\n<p><input type=\"submit\" value=\"Absenden\" class=\"wpcf7-form-control wpcf7-submit\" \/><\/p>\n<div class=\"wpcf7-response-output wpcf7-display-none\"><\/div><\/form><\/div>[\/vc_column][\/vc_row]\n","protected":false},"excerpt":{"rendered":"<p>[vc_row][vc_column width=&#8220;1\/3&#8243;][\/vc_column][vc_column width=&#8220;1\/3&#8243;][\/vc_column][vc_column width=&#8220;1\/3&#8243;][\/vc_column][\/vc_row][vc_row][vc_column width=&#8220;1\/3&#8243;][\/vc_column][vc_column width=&#8220;1\/3&#8243;][\/vc_column][vc_column width=&#8220;1\/3&#8243;][\/vc_column][\/vc_row][vc_row][vc_column width=&#8220;1\/3&#8243;][\/vc_column][vc_column width=&#8220;1\/3&#8243;][\/vc_column][vc_column width=&#8220;1\/3&#8243;][\/vc_column][\/vc_row][vc_row][vc_column][vc_column_text] Kontaktieren Sie uns f\u00fcr einen kostenlosen Online-Beratungstermin [\/vc_column_text][vc_column_text]Bitte kontaktieren Sie uns \u00fcber Whatsapp oder f\u00fcllen Sie unser Terminformular aus. Wir werden uns so schnell wie m\u00f6glich mit Ihnen in Verbindung&hellip;<\/p>\n","protected":false},"author":2,"featured_media":0,"parent":0,"menu_order":0,"comment_status":"closed","ping_status":"closed","template":"","meta":[],"_links":{"self":[{"href":"https:\/\/www.sidident.com\/de\/wp-json\/wp\/v2\/pages\/911"}],"collection":[{"href":"https:\/\/www.sidident.com\/de\/wp-json\/wp\/v2\/pages"}],"about":[{"href":"https:\/\/www.sidident.com\/de\/wp-json\/wp\/v2\/types\/page"}],"author":[{"embeddable":true,"href":"https:\/\/www.sidident.com\/de\/wp-json\/wp\/v2\/users\/2"}],"replies":[{"embeddable":true,"href":"https:\/\/www.sidident.com\/de\/wp-json\/wp\/v2\/comments?post=911"}],"version-history":[{"count":9,"href":"https:\/\/www.sidident.com\/de\/wp-json\/wp\/v2\/pages\/911\/revisions"}],"predecessor-version":[{"id":959,"href":"https:\/\/www.sidident.com\/de\/wp-json\/wp\/v2\/pages\/911\/revisions\/959"}],"wp:attachment":[{"href":"https:\/\/www.sidident.com\/de\/wp-json\/wp\/v2\/media?parent=911"}],"curies":[{"name":"wp","href":"https:\/\/api.w.org\/{rel}","templated":true}]}}