{"id":906,"date":"2022-02-01T12:30:19","date_gmt":"2022-02-01T09:30:19","guid":{"rendered":"https:\/\/www.sidident.com\/?page_id=906"},"modified":"2022-02-01T12:31:59","modified_gmt":"2022-02-01T09:31:59","slug":"unsere-klinik","status":"publish","type":"page","link":"https:\/\/www.sidident.com\/de\/unsere-klinik\/","title":{"rendered":"Unsere Klinik"},"content":{"rendered":"[vc_row][vc_column][vc_column_text]Als Sidident\u00a0 stehen wir Ihnen in unserer Klinik in Bodrum, T\u00fcrkei, mit unserem Wissen und unserer Erfahrung von mehr als 30 Jahren zur Verf\u00fcgung. Wir versuchen immer, Ihnen die am besten geeigneten Behandlungsoptionen anzubieten, wobei Ihre gesundheitlichen und \u00e4sthetischen Bed\u00fcrfnisse im Vordergrund stehen.[\/vc_column_text][vc_column_text]\n<h2>Dr. Rifat Sidi<\/h2>\n<div>\n<p><img decoding=\"async\" loading=\"lazy\" class=\"alignleft\" src=\"http:\/\/www.sidident.com\/dentist-in-bodrum-site-images\/rifatsidi.jpg\" width=\"141\" height=\"140\" \/><\/p>\n<p>Ich wurde in 1966 in Istanbul geboren. <strong>Nach dem \u00f6sterreichischen Gymnasium<\/strong> (Sankt George \u00d6sterreichisches Realgymnasium) absolvierte ich in 1990 die zahnmedizinische <strong>Fakult\u00e4t der Universit\u00e4t Istanbul<\/strong>. Danach setzte ich meine Ausbildung an der <strong>New York University Dental School<\/strong> fort. Zwischen 1992-1994 arbeitete ich intensiv an Implantologie, restaurativer und prothetischer Zahnheilkunde am Atilla Denizalp Implant Institute. Zwischen 1994-2001 betreute ich meine Patienten in meiner Klinik in Ni\u015fanta\u015f\u0131, Istanbul. Zwischen 2001 und 2004 arbeitete ich als Hauptzahnarzt in der Bodrum Medicare Clinic. Seit 2004 arbeite ich in meiner eigenen Klinik in Bodrum haupts\u00e4chlich in den Bereichen \u00e4sthetische und restaurative Zahnheilkunde, Implantologie und allgemeine Zahnheilkunde.<\/p>\n<\/div>\n[\/vc_column_text][\/vc_column][\/vc_row]\n","protected":false},"excerpt":{"rendered":"<p>[vc_row][vc_column][vc_column_text]Als Sidident\u00a0 stehen wir Ihnen in unserer Klinik in Bodrum, T\u00fcrkei, mit unserem Wissen und unserer Erfahrung von mehr als 30 Jahren zur Verf\u00fcgung. Wir versuchen immer, Ihnen die am besten geeigneten Behandlungsoptionen anzubieten, wobei Ihre gesundheitlichen und \u00e4sthetischen Bed\u00fcrfnisse&hellip;<\/p>\n","protected":false},"author":2,"featured_media":0,"parent":0,"menu_order":0,"comment_status":"closed","ping_status":"closed","template":"","meta":[],"_links":{"self":[{"href":"https:\/\/www.sidident.com\/de\/wp-json\/wp\/v2\/pages\/906"}],"collection":[{"href":"https:\/\/www.sidident.com\/de\/wp-json\/wp\/v2\/pages"}],"about":[{"href":"https:\/\/www.sidident.com\/de\/wp-json\/wp\/v2\/types\/page"}],"author":[{"embeddable":true,"href":"https:\/\/www.sidident.com\/de\/wp-json\/wp\/v2\/users\/2"}],"replies":[{"embeddable":true,"href":"https:\/\/www.sidident.com\/de\/wp-json\/wp\/v2\/comments?post=906"}],"version-history":[{"count":3,"href":"https:\/\/www.sidident.com\/de\/wp-json\/wp\/v2\/pages\/906\/revisions"}],"predecessor-version":[{"id":909,"href":"https:\/\/www.sidident.com\/de\/wp-json\/wp\/v2\/pages\/906\/revisions\/909"}],"wp:attachment":[{"href":"https:\/\/www.sidident.com\/de\/wp-json\/wp\/v2\/media?parent=906"}],"curies":[{"name":"wp","href":"https:\/\/api.w.org\/{rel}","templated":true}]}}