{"id":896,"date":"2022-02-01T10:40:39","date_gmt":"2022-02-01T07:40:39","guid":{"rendered":"https:\/\/www.sidident.com\/?page_id=896"},"modified":"2022-02-01T20:54:24","modified_gmt":"2022-02-01T17:54:24","slug":"startseite","status":"publish","type":"page","link":"https:\/\/www.sidident.com\/de\/","title":{"rendered":"Startseite"},"content":{"rendered":"[vc_row][vc_column][vc_column_text]\n<h2 class=\"ana-baslik\"><strong>Willkommen bei Sidident.<\/strong><\/h2>\n<p>Unsere Zahnklinik befindet sich im Herzen von Bodrum, dem bekannten Touristenziel T\u00fcrkiye, und wir bieten Dienstleistungen f\u00fcr Menschen aller Altersgruppen an, haupts\u00e4chlich in den Bereichen \u00e4sthetische Zahnheilkunde, Implantologie, restaurative und allgemeine Zahnheilkunde. Wir erwarten Sie in unserer Klinik, um unsere Erfahrung und unser Wissen von mehr als 30 Jahren mit unserem Ansatz zu teilen, der immer die Gesundheit und die Bed\u00fcrfnisse unserer Patienten in den Vordergrund stellt.<\/p>\n<p><strong>Dr. Rifat Sidi<\/strong>[\/vc_column_text][\/vc_column][\/vc_row]\n","protected":false},"excerpt":{"rendered":"<p>[vc_row][vc_column][vc_column_text] Willkommen bei Sidident. Unsere Zahnklinik befindet sich im Herzen von Bodrum, dem bekannten Touristenziel T\u00fcrkiye, und wir bieten Dienstleistungen f\u00fcr Menschen aller Altersgruppen an, haupts\u00e4chlich in den Bereichen \u00e4sthetische Zahnheilkunde, Implantologie, restaurative und allgemeine Zahnheilkunde. Wir erwarten Sie in&hellip;<\/p>\n","protected":false},"author":2,"featured_media":0,"parent":0,"menu_order":0,"comment_status":"closed","ping_status":"closed","template":"","meta":[],"_links":{"self":[{"href":"https:\/\/www.sidident.com\/de\/wp-json\/wp\/v2\/pages\/896"}],"collection":[{"href":"https:\/\/www.sidident.com\/de\/wp-json\/wp\/v2\/pages"}],"about":[{"href":"https:\/\/www.sidident.com\/de\/wp-json\/wp\/v2\/types\/page"}],"author":[{"embeddable":true,"href":"https:\/\/www.sidident.com\/de\/wp-json\/wp\/v2\/users\/2"}],"replies":[{"embeddable":true,"href":"https:\/\/www.sidident.com\/de\/wp-json\/wp\/v2\/comments?post=896"}],"version-history":[{"count":4,"href":"https:\/\/www.sidident.com\/de\/wp-json\/wp\/v2\/pages\/896\/revisions"}],"predecessor-version":[{"id":958,"href":"https:\/\/www.sidident.com\/de\/wp-json\/wp\/v2\/pages\/896\/revisions\/958"}],"wp:attachment":[{"href":"https:\/\/www.sidident.com\/de\/wp-json\/wp\/v2\/media?parent=896"}],"curies":[{"name":"wp","href":"https:\/\/api.w.org\/{rel}","templated":true}]}}